{"id":4685,"date":"2022-03-24T12:41:52","date_gmt":"2022-03-24T12:41:52","guid":{"rendered":"https:\/\/www.caribbeantours.ch\/solicitud-tour\/"},"modified":"2025-10-30T07:03:01","modified_gmt":"2025-10-30T07:03:01","slug":"solicitud-tour","status":"publish","type":"page","link":"https:\/\/www.caribbeantours.ch\/es\/solicitud-tour\/","title":{"rendered":"Solicitud de Tour"},"content":{"rendered":"<p>[vc_row unlock_row_content=&#8221;yes&#8221; row_height_percent=&#8221;0&#8243; override_padding=&#8221;yes&#8221; h_padding=&#8221;2&#8243; top_padding=&#8221;2&#8243; bottom_padding=&#8221;3&#8243; overlay_alpha=&#8221;50&#8243; gutter_size=&#8221;3&#8243; column_width_percent=&#8221;100&#8243; shift_y=&#8221;0&#8243; z_index=&#8221;0&#8243; medium_visibility=&#8221;yes&#8221; mobile_visibility=&#8221;yes&#8221; el_class=&#8221;headline-section&#8221;][vc_column column_width_percent=&#8221;100&#8243; align_horizontal=&#8221;align_center&#8221; gutter_size=&#8221;3&#8243; overlay_alpha=&#8221;50&#8243; shift_x=&#8221;0&#8243; shift_y=&#8221;0&#8243; shift_y_down=&#8221;0&#8243; z_index=&#8221;0&#8243; medium_width=&#8221;0&#8243; mobile_width=&#8221;0&#8243; width=&#8221;1\/1&#8243;][vc_custom_heading heading_semantic=&#8221;h1&#8243; text_size=&#8221;h1&#8243; text_weight=&#8221;900&#8243; css_animation=&#8221;curtain-words&#8221; el_class=&#8221;quad-bottom-padding&#8221;]<span class=\"heading-text-highlight \" data-atts='{\"bg\":\"style-color-771824-bg\",\"height\":\"10%\",\"offset\":\"0\",\"opacity\":\"0.75\",\"animated\":\"yes\"}'>Realice su solicitud<\/span><\/p>\n<div class=\"animated-subtitle\">\u00a1Estamos felices de poder ayudarte!<\/div>\n<p>[\/vc_custom_heading][vc_wp_custommenu nav_menu=&#8221;8&#8243; nav_menu_horizontal=&#8221;1&#8243;][\/vc_column][\/vc_row][vc_row unlock_row_content=&#8221;yes&#8221; row_height_percent=&#8221;0&#8243; override_padding=&#8221;yes&#8221; h_padding=&#8221;0&#8243; top_padding=&#8221;2&#8243; bottom_padding=&#8221;3&#8243; overlay_alpha=&#8221;50&#8243; gutter_size=&#8221;3&#8243; column_width_percent=&#8221;100&#8243; shift_y=&#8221;0&#8243; z_index=&#8221;0&#8243; desktop_visibility=&#8221;yes&#8221; el_class=&#8221;headline-section&#8221;][vc_column column_width_percent=&#8221;100&#8243; align_horizontal=&#8221;align_center&#8221; gutter_size=&#8221;3&#8243; overlay_alpha=&#8221;50&#8243; shift_x=&#8221;0&#8243; shift_y=&#8221;0&#8243; shift_y_down=&#8221;0&#8243; z_index=&#8221;0&#8243; medium_width=&#8221;0&#8243; mobile_width=&#8221;0&#8243; width=&#8221;1\/1&#8243;][vc_custom_heading heading_semantic=&#8221;h1&#8243; text_size=&#8221;h1&#8243; text_weight=&#8221;900&#8243; css_animation=&#8221;curtain-words&#8221;]<span class=\"heading-text-highlight \" data-atts='{\"bg\":\"style-color-771824-bg\",\"height\":\"10%\",\"offset\":\"0\",\"opacity\":\"0.75\",\"animated\":\"yes\"}'>Realice su solicitud<\/span><\/p>\n<div class=\"animated-subtitle\">\u00a1Estamos felices de poder ayudarte!<\/div>\n<p>[\/vc_custom_heading][\/vc_column][\/vc_row][vc_row unlock_row_content=&#8221;yes&#8221; row_height_percent=&#8221;0&#8243; override_padding=&#8221;yes&#8221; h_padding=&#8221;0&#8243; top_padding=&#8221;0&#8243; bottom_padding=&#8221;0&#8243; overlay_alpha=&#8221;50&#8243; gutter_size=&#8221;3&#8243; column_width_percent=&#8221;100&#8243; shift_y=&#8221;0&#8243; z_index=&#8221;0&#8243; el_class=&#8221;top-banner-section&#8221; front_end_with_slider=&#8221;true&#8221;][vc_column column_width_percent=&#8221;100&#8243; gutter_size=&#8221;3&#8243; override_padding=&#8221;yes&#8221; column_padding=&#8221;0&#8243; overlay_alpha=&#8221;50&#8243; shift_x=&#8221;0&#8243; shift_y=&#8221;0&#8243; shift_y_down=&#8221;0&#8243; z_index=&#8221;0&#8243; medium_width=&#8221;0&#8243; mobile_width=&#8221;0&#8243; width=&#8221;1\/1&#8243;][uncode_slider slider_interval=&#8221;3000&#8243; slider_navspeed=&#8221;400&#8243; slider_loop=&#8221;yes&#8221; slider_hide_dots=&#8221;yes&#8221;][vc_row_inner row_inner_height_percent=&#8221;100&#8243; overlay_alpha=&#8221;50&#8243; gutter_size=&#8221;3&#8243; shift_y=&#8221;0&#8243; z_index=&#8221;0&#8243; limit_content=&#8221;&#8221; front_end_with_slider=&#8221;true&#8221;][vc_column_inner column_width_percent=&#8221;100&#8243; gutter_size=&#8221;3&#8243; overlay_alpha=&#8221;50&#8243; shift_x=&#8221;0&#8243; shift_y=&#8221;0&#8243; shift_y_down=&#8221;0&#8243; z_index=&#8221;0&#8243; medium_width=&#8221;0&#8243; mobile_width=&#8221;0&#8243; width=&#8221;1\/1&#8243;][vc_single_image media=&#8221;4679&#8243; media_width_percent=&#8221;100&#8243;][\/vc_column_inner][\/vc_row_inner][\/uncode_slider][\/vc_column][\/vc_row][vc_row unlock_row_content=&#8221;yes&#8221; row_height_percent=&#8221;0&#8243; override_padding=&#8221;yes&#8221; h_padding=&#8221;2&#8243; top_padding=&#8221;7&#8243; bottom_padding=&#8221;7&#8243; overlay_alpha=&#8221;50&#8243; gutter_size=&#8221;3&#8243; column_width_percent=&#8221;80&#8243; shift_y=&#8221;0&#8243; z_index=&#8221;1&#8243; el_class=&#8221;contact-section&#8221;][vc_column column_width_percent=&#8221;80&#8243; gutter_size=&#8221;3&#8243; overlay_alpha=&#8221;50&#8243; shift_x=&#8221;0&#8243; shift_y=&#8221;0&#8243; shift_y_down=&#8221;0&#8243; z_index=&#8221;0&#8243; medium_width=&#8221;0&#8243; mobile_width=&#8221;0&#8243;][vc_custom_heading text_size=&#8221;fontsize-102324&#8243; text_weight=&#8221;900&#8243; subheading=&#8221;Nos complace recibir su solicitud para un tour o viaje de un d\u00eda espec\u00edfico, un viaje personalizado o cualquier otro servicio de viaje. Complete el formulario y h\u00e1ganos saber c\u00f3mo podemos ayudarlo.&#8221;]<span class=\"heading-text-highlight \" data-atts='{\"bg\":\"style-color-771824-bg\",\"height\":\"10%\",\"offset\":\"0\",\"opacity\":\"0.75\",\"animated\":\"yes\"}'>Env\u00edenos<\/span> su Solicitud[\/vc_custom_heading][vc_row_inner row_inner_height_percent=&#8221;0&#8243; overlay_alpha=&#8221;50&#8243; equal_height=&#8221;yes&#8221; gutter_size=&#8221;3&#8243; shift_y=&#8221;0&#8243; z_index=&#8221;0&#8243; limit_content=&#8221;&#8221;][vc_column_inner column_width_percent=&#8221;100&#8243; align_horizontal=&#8221;align_right&#8221; gutter_size=&#8221;3&#8243; style=&#8221;dark&#8221; overlay_alpha=&#8221;50&#8243; shift_x=&#8221;0&#8243; shift_y=&#8221;0&#8243; shift_y_down=&#8221;0&#8243; z_index=&#8221;0&#8243; medium_width=&#8221;0&#8243; mobile_width=&#8221;0&#8243; width=&#8221;1\/1&#8243;][vc_column_text]<div id=\"app\">\r\r\r\n  <v-app v-cloak >\r\r\r\n      <v-container fluid no-gutters  class=\"\">\r\r\r\n      <validation-observer ref=\"observer\" v-slot=\"{ passes }\">\r\r\r\n<v-form v-show=\"show_form\"\r\r\r\n    ref=\"form\"\r\r\r\n    v-model=\"valid\"\r\r\r\n    lazy-validation\r\r\r\n  >\r\r\r\n    <v-row><v-col><validation-provider name=\"name\" rules=\"required\" v-slot=\"{ errors }\"><v-text-field v-model=\"name\" solo :error-messages=\"errors\" label=\"Nombre\" ><\/v-text-field><\/validation-provider><\/v-col><\/v-row><v-row><v-col><validation-provider name=\"email\" rules=\"email|required\" v-slot=\"{ errors }\"><v-text-field v-model=\"email\" solo :error-messages=\"errors\" label=\"E-mail\" ><\/v-text-field><\/validation-provider><\/v-col><\/v-row><v-row><v-col><validation-provider name=\"travel_agency\" rules=\"required\" v-slot=\"{ errors }\"><v-text-field v-model=\"travel_agency\" solo :error-messages=\"errors\" label=\"Agencia de viajes\" ><\/v-text-field><\/validation-provider><\/v-col><\/v-row><v-row><v-col><validation-provider name=\"telephone\" rules=\"telephone\" v-slot=\"{ errors }\"><v-text-field v-model=\"telephone\" solo :error-messages=\"errors\" label=\"Tel\u00e9fono\" ><\/v-text-field><\/validation-provider><\/v-col><\/v-row><v-row><v-col><v-radio-group v-model=\"destination\" row><template v-slot:label>Destino:<\/template><v-radio label=\"Cuba\" value=\"cu\" color=\"\"><\/v-radio><v-radio label=\"La Rep\u00fablica Dominicana\" value=\"dr\" color=\"\"><\/v-radio><v-radio label=\"M\u00e9xico\" value=\"mx\" color=\"\"><\/v-radio><\/v-radio-group><\/v-col><\/v-row><v-row id=\"proposal_row\" ><v-col><validation-provider name=\"proposal\" rules=\"required\" v-slot=\"{ errors }\"> <v-select item-value=\"value\" item-text=\"text\" :items=\"subject\" v-model=\"subject_selected\" label=\"Asunto\" solo ><\/v-select><\/validation-provider><\/v-col><\/v-row><v-row id=\"tour_row\"><v-col><validation-provider name=\"tour\" rules=\"required\" v-slot=\"{ errors }\"> <v-select item-value=\"value\" item-text=\"text\" :items=\"get_tours_to_be_selected\" v-model=\"tour\" label=\"Tour o viaje de un d\u00eda\" solo ><\/v-select><\/validation-provider><\/v-col><\/v-row><v-row id=\"date_range_row\"><v-col class=\"col-4 col-md-2\"><span><v-col><label>Fechas de Viaje<\/label><\/v-col><\/span><\/v-col><v-col class=\"col-4 col-md-5\">\r\r      <v-menu v-model=\"date_from_menu\" :close-on-content-click=\"false\" :nudge-right=\"40\" transition=\"scale-transition\" offset-y min-width=\"auto\"><template v-slot:activator=\"{ on, attrs }\"><validation-provider name=\"roomAmount\" rules=\"required\" v-slot=\"{ errors }\"><v-text-field v-model=\"date_from\" label=\"Desde\" readonly v-bind=\"attrs\" v-on=\"on\" solo ><\/v-text-field><\/validation-provider><\/template><v-date-picker v-model=\"date_from\"  @input=\"date_from_menu= false\" ><\/v-date-picker> <\/v-menu> <div v-if=\"errors['date_from'] != undefined\" class=\"datepicker-error\">Travel dates must be greater than or equal to today+7 days.<\/div><\/v-col><v-col class=\"col-4 col-md-5\">\r\r      <v-menu v-model=\"date_to_menu\" :close-on-content-click=\"false\" :nudge-right=\"40\" transition=\"scale-transition\" offset-y min-width=\"auto\"><template v-slot:activator=\"{ on, attrs }\"><validation-provider name=\"roomAmount\" rules=\"required\" v-slot=\"{ errors }\"><v-text-field v-model=\"date_to\" label=\"A\" readonly v-bind=\"attrs\" v-on=\"on\" solo ><\/v-text-field><\/validation-provider><\/template><v-date-picker v-model=\"date_to\"  @input=\"date_to_menu= false\" ><\/v-date-picker> <\/v-menu> <div v-if=\"errors['date_to'] != undefined\" class=\"datepicker-error\">Travel dates must be greater than or equal to today+7 days.<\/div><\/v-col><\/v-row><v-row><v-col><validation-provider name=\"passengers\" rules=\"passengers_rules\" v-slot=\"{ errors }\"><v-text-field v-model=\"passengers\" solo :error-messages=\"errors\" label=\"N\u00famero de pasajeros\" v-show=\"selected_cat == day_cat\"><\/v-text-field><\/validation-provider><\/v-col><\/v-row><v-row v-show=\"selected_cat != day_cat\" class=\"room-amount\"><v-col><validation-provider name=\"roomAmount\" rules=\"required\" v-slot=\"{ errors }\"> <v-col class=\"col col-4\"><label>Cantidad de Habitaciones({{total}} {{guestsText}} en {{countVisibleRooms}} {{roomText}})<\/label><\/v-col> <v-col class=\"col col-8\"><v-col class=\"col col-1\"><v-btn icon v-on:click=\"decRooms()\"><v-icon>mdi-minus<\/v-icon><\/v-btn><\/v-col><v-col class=\"col col-10\"> <v-text-field v-model=\"roomAmount\" solo :error-messages=\"errors\" label=\"Habitaciones\" required><\/v-text-field><\/v-col><v-col class=\"col col-1\"> <v-btn icon v-on:click=\"incRooms()\"><v-icon>mdi-plus<\/v-icon><\/v-btn><\/v-col><\/v-col><\/validation-provider><\/v-col><\/v-row><template v-for=\"item in rooms\" :key=\"item.index\"><v-row  v-show=\"item.visible && selected_cat != day_cat\"> <v-col><v-card class=\"room_box\"><v-system-bar color=\"white\" style=\"height: auto;\"><v-spacer><label>Habitaci\u00f3n {{item.indexShow}} ({{item.info.adults}} <span v-if=\"item.info.adults>1\">Adultos <\/span> <span v-else> Adulto <\/span>, {{item.info.children}} <span v-if=\"item.info.children>1\"> Ni\u00f1os <\/span> <span v-else> Ni\u00f1o<\/span>, {{item.info.infants}} <span v-if=\"item.info.infants>1\"> Infantes <\/span> <span v-else> Infante<\/span>) <\/v-label><\/v-spacer> <v-btn v-if=\"roomAmount>1\" icon v-on:click=\"hideRoom(item.index)\"><v-icon>mdi-close-circle<\/v-icon><\/v-btn><\/v-system-bar> <v-container class=\"guest-slider-container\" fluid> <v-row dense> <v-col class=\"room-details col col-4\"><v-subheader class=\"pl-0\">Adultos<\/v-subheader> <v-slider v-on:change=\"totalCalculate\" v-model=\"item.info.adults\" :tick-labels=\"ticksLabels\" :max=\"4\" :min=\"0\" step=\"1\" ticks=\"always\" tick-size=\"4\" > <\/v-slider> <\/v-col> <v-col class=\"room-details col col-4\"><v-subheader class=\"pl-0\">Infantes<\/v-subheader> <v-slider v-on:change=\"totalCalculate\" v-model=\"item.info.infants\" :tick-labels=\"ticksLabels\" :max=\"4\" :min=\"0\" step=\"1\" ticks=\"always\" tick-size=\"4\" > <\/v-slider> <\/v-col> <v-col class=\"room-details col col-4\"><v-subheader class=\"pl-0\">Ni\u00f1os<\/v-subheader> <v-slider v-on:change=\"totalCalculate\" v-model=\"item.info.children\" :tick-labels=\"ticksLabels\" :max=\"4\" :min=\"0\" step=\"1\" ticks=\"always\" tick-size=\"4\" > <\/v-slider> <\/v-col> <\/v-row> <\/v-container> <\/v-card> <\/v-col> <\/v-row> <\/template><v-row id=\"accomodation_row\" v-if=\"tour_text=='Viaje Personalizado' || tour_text ==  'Otro'\"><v-col><validation-provider name=\"accomodation\" rules=\"required\" v-slot=\"{ errors }\"> <v-select item-value=\"value\" item-text=\"text\" :items=\"accomodation\" v-model=\"accomodation_selected\" label=\"Est\u00e1ndar de Alojamiento Deseado\" solo ><\/v-select><\/validation-provider><\/v-col><\/v-row><v-row><v-col><validation-provider name=\"text\" rules=\"required\" v-slot=\"{ errors }\"><v-textarea v-model=\"text\" solo :error-messages=\"errors\" name=\"text\" filled label=\"Intereses Espec\u00edficos\" auto-grow><\/v-textarea><\/validation-provider><\/v-col><\/v-row><v-row id=\"visa_row\" ><v-col cols=\"6\"><label>Desea incluir las tarjetas de turista para sus clientes?<\/label><\/v-col><v-col cols=\"6\" ><validation-provider name=\"visa\" rules=\"required\"  v-slot=\"{ errors }\"> <v-select :error-messages=\"errors\"  item-value=\"value\" hide-details=\"auto\" item-text=\"text\" :items=\"visa_options\" v-model=\"visa\"  solo persistent-hint hint=\"Las tarjetas de turistas tiene un costo adicional\"><\/v-select><\/validation-provider><\/v-col><\/v-row>\r\r\r\n    <v-row class=\"control_row\">\r\r            <v-col class=\"wueform-send-btn-col\"><v-btn depressed color=\"primary\" @click=\"submit_form\">Enviar<\/v-btn><\/v-col><\/v-row>\r\r\r\n  <\/v-form>\r\r\r\n  <\/validation-observer>\r\r\r\n   <v-card class=\"wueform-card-message\" v-show=\"thanks\">\r\r\r\n      <v-card-text>\r\r\r\n        <v-row dense><v-col class=\"wueform-message dark-text\"><p>\u00a1Gracias! Hemos recibido su solicitud.<\/p><p>Nos pondremos en contacto con usted tan pronto como sea posible.<\/p><p>Tu equipo de Caribbean Tours.<\/p><\/v-col><\/v-row>\r\r\r\n      <\/v-card-text>\r\r\r\n   <\/v-card>\r\r\r\n   <v-card class=\"wueform-card-message\" v-show=\"thanks_error\">\r\r\r\n      <v-card-text>\r\r\r\n        <v-row dense><v-col class=\"wueform-message dark-text\"><p>Desafortunadamente, su mensaje no ha sido enviado.<\/p><p>Int\u00e9ntalo de nuevo m\u00e1s tarde.<\/p><p>Tu equipo de Caribbean Tours.<\/p><\/v-col><\/v-row>\r\r\r\n      <\/v-card-text>\r\r\r\n   <\/v-card>\r\r\r\n   <v-card class=\"spinner-card\" v-show=\"spinner\">\r\r\r\n   <v-progress-circular \r\r\r\n      :size=\"60\"\r\r\r\n      color=\"#B0C40A\"\r\r\r\n      indeterminate\r\r\r\n    ><\/v-progress-circular>\r\r\r\n    <\/v-card>\r\r\r\n      <\/v-container>\r\r\r\n  <\/v-app>\r\r\r\n<\/div>[\/vc_column_text][\/vc_column_inner][\/vc_row_inner][\/vc_column][\/vc_row]<\/p>\n","protected":false},"excerpt":{"rendered":"<p>[vc_row unlock_row_content=&#8221;yes&#8221; row_height_percent=&#8221;0&#8243; override_padding=&#8221;yes&#8221; h_padding=&#8221;2&#8243; top_padding=&#8221;2&#8243; bottom_padding=&#8221;3&#8243; overlay_alpha=&#8221;50&#8243; gutter_size=&#8221;3&#8243; column_width_percent=&#8221;100&#8243; shift_y=&#8221;0&#8243; z_index=&#8221;0&#8243; medium_visibility=&#8221;yes&#8221; mobile_visibility=&#8221;yes&#8221; el_class=&#8221;headline-section&#8221;][vc_column column_width_percent=&#8221;100&#8243; align_horizontal=&#8221;align_center&#8221; gutter_size=&#8221;3&#8243; overlay_alpha=&#8221;50&#8243; shift_x=&#8221;0&#8243; [&hellip;]<\/p>\n","protected":false},"author":1,"featured_media":0,"parent":0,"menu_order":0,"comment_status":"closed","ping_status":"closed","template":"","meta":{"_monsterinsights_skip_tracking":false,"_monsterinsights_sitenote_active":false,"_monsterinsights_sitenote_note":"","_monsterinsights_sitenote_category":0,"footnotes":""},"class_list":["post-4685","page","type-page","status-publish","hentry"],"yoast_head":"<!-- This site is optimized with the Yoast SEO plugin v25.9 - https:\/\/yoast.com\/wordpress\/plugins\/seo\/ -->\n<title>SOLICITUD DE COTIZACI\u00d3N \u2013 \u00a1Estaremos encantados de asesorarte!<\/title>\n<meta name=\"description\" content=\"Env\u00edanos tu solicitud. \u00a1Esperamos su consulta! Por favor complete el formulario y h\u00e1ganos saber sus deseos. Estamos encantados de ayudarle.\" \/>\n<meta name=\"robots\" content=\"index, follow, max-snippet:-1, max-image-preview:large, max-video-preview:-1\" \/>\n<link rel=\"canonical\" href=\"https:\/\/www.caribbeantours.ch\/tour-request\/\" \/>\n<meta property=\"og:locale\" content=\"es_ES\" \/>\n<meta property=\"og:type\" content=\"article\" \/>\n<meta property=\"og:title\" content=\"SOLICITUD DE COTIZACI\u00d3N \u2013 \u00a1Estaremos encantados de asesorarte!\" \/>\n<meta property=\"og:description\" content=\"Env\u00edanos tu solicitud. \u00a1Esperamos su consulta! Por favor complete el formulario y h\u00e1ganos saber sus deseos. Estamos encantados de ayudarle.\" \/>\n<meta property=\"og:url\" content=\"https:\/\/www.caribbeantours.ch\/tour-request\/\" \/>\n<meta property=\"og:site_name\" content=\"Caribbean Tours\" \/>\n<meta property=\"article:publisher\" content=\"https:\/\/www.facebook.com\/caribbeantours.dmc\/\" \/>\n<meta property=\"article:modified_time\" content=\"2025-10-30T07:03:01+00:00\" \/>\n<meta name=\"twitter:card\" content=\"summary_large_image\" \/>\n<meta name=\"twitter:label1\" content=\"Est. reading time\" \/>\n\t<meta name=\"twitter:data1\" content=\"3 minutes\" \/>\n<script type=\"application\/ld+json\" class=\"yoast-schema-graph\">{\"@context\":\"https:\/\/schema.org\",\"@graph\":[{\"@type\":\"WebPage\",\"@id\":\"https:\/\/www.caribbeantours.ch\/tour-request\/\",\"url\":\"https:\/\/www.caribbeantours.ch\/tour-request\/\",\"name\":\"SOLICITUD DE COTIZACI\u00d3N \u2013 \u00a1Estaremos encantados de asesorarte!\",\"isPartOf\":{\"@id\":\"https:\/\/www.caribbeantours.ch\/#website\"},\"datePublished\":\"2022-03-24T12:41:52+00:00\",\"dateModified\":\"2025-10-30T07:03:01+00:00\",\"description\":\"Env\u00edanos tu solicitud. \u00a1Esperamos su consulta! Por favor complete el formulario y h\u00e1ganos saber sus deseos. Estamos encantados de ayudarle.\",\"breadcrumb\":{\"@id\":\"https:\/\/www.caribbeantours.ch\/tour-request\/#breadcrumb\"},\"inLanguage\":\"es-ES\",\"potentialAction\":[{\"@type\":\"ReadAction\",\"target\":[\"https:\/\/www.caribbeantours.ch\/tour-request\/\"]}]},{\"@type\":\"BreadcrumbList\",\"@id\":\"https:\/\/www.caribbeantours.ch\/tour-request\/#breadcrumb\",\"itemListElement\":[{\"@type\":\"ListItem\",\"position\":1,\"name\":\"Home\",\"item\":\"https:\/\/www.caribbeantours.ch\/es\/\"},{\"@type\":\"ListItem\",\"position\":2,\"name\":\"Solicitud de Tour\"}]},{\"@type\":\"WebSite\",\"@id\":\"https:\/\/www.caribbeantours.ch\/#website\",\"url\":\"https:\/\/www.caribbeantours.ch\/\",\"name\":\"Caribbean Tours\",\"description\":\"Caribbean Tours - Caribbean DMC\",\"publisher\":{\"@id\":\"https:\/\/www.caribbeantours.ch\/#organization\"},\"potentialAction\":[{\"@type\":\"SearchAction\",\"target\":{\"@type\":\"EntryPoint\",\"urlTemplate\":\"https:\/\/www.caribbeantours.ch\/?s={search_term_string}\"},\"query-input\":{\"@type\":\"PropertyValueSpecification\",\"valueRequired\":true,\"valueName\":\"search_term_string\"}}],\"inLanguage\":\"es-ES\"},{\"@type\":\"Organization\",\"@id\":\"https:\/\/www.caribbeantours.ch\/#organization\",\"name\":\"Caribbean Tours \u2013 DMC para Cuba y el Caribe\",\"url\":\"https:\/\/www.caribbeantours.ch\/\",\"logo\":{\"@type\":\"ImageObject\",\"inLanguage\":\"es-ES\",\"@id\":\"https:\/\/www.caribbeantours.ch\/#\/schema\/logo\/image\/\",\"url\":\"https:\/\/www.caribbeantours.ch\/wp-content\/uploads\/2022\/05\/caribbean-tours-logo.jpg\",\"contentUrl\":\"https:\/\/www.caribbeantours.ch\/wp-content\/uploads\/2022\/05\/caribbean-tours-logo.jpg\",\"width\":822,\"height\":582,\"caption\":\"Caribbean Tours \u2013 DMC para Cuba y el Caribe\"},\"image\":{\"@id\":\"https:\/\/www.caribbeantours.ch\/#\/schema\/logo\/image\/\"},\"sameAs\":[\"https:\/\/www.facebook.com\/caribbeantours.dmc\/\",\"https:\/\/www.linkedin.com\/company\/caribbeantoursag\/\",\"https:\/\/www.instagram.com\/caribbeantours.dmc\/\",\"https:\/\/www.youtube.com\/channel\/UCr_cJanATKlgxJM50AQToXw\"]}]}<\/script>\n<!-- \/ Yoast SEO plugin. -->","yoast_head_json":{"title":"SOLICITUD DE COTIZACI\u00d3N \u2013 \u00a1Estaremos encantados de asesorarte!","description":"Env\u00edanos tu solicitud. \u00a1Esperamos su consulta! Por favor complete el formulario y h\u00e1ganos saber sus deseos. Estamos encantados de ayudarle.","robots":{"index":"index","follow":"follow","max-snippet":"max-snippet:-1","max-image-preview":"max-image-preview:large","max-video-preview":"max-video-preview:-1"},"canonical":"https:\/\/www.caribbeantours.ch\/tour-request\/","og_locale":"es_ES","og_type":"article","og_title":"SOLICITUD DE COTIZACI\u00d3N \u2013 \u00a1Estaremos encantados de asesorarte!","og_description":"Env\u00edanos tu solicitud. \u00a1Esperamos su consulta! Por favor complete el formulario y h\u00e1ganos saber sus deseos. Estamos encantados de ayudarle.","og_url":"https:\/\/www.caribbeantours.ch\/tour-request\/","og_site_name":"Caribbean Tours","article_publisher":"https:\/\/www.facebook.com\/caribbeantours.dmc\/","article_modified_time":"2025-10-30T07:03:01+00:00","twitter_card":"summary_large_image","twitter_misc":{"Est. reading time":"3 minutes"},"schema":{"@context":"https:\/\/schema.org","@graph":[{"@type":"WebPage","@id":"https:\/\/www.caribbeantours.ch\/tour-request\/","url":"https:\/\/www.caribbeantours.ch\/tour-request\/","name":"SOLICITUD DE COTIZACI\u00d3N \u2013 \u00a1Estaremos encantados de asesorarte!","isPartOf":{"@id":"https:\/\/www.caribbeantours.ch\/#website"},"datePublished":"2022-03-24T12:41:52+00:00","dateModified":"2025-10-30T07:03:01+00:00","description":"Env\u00edanos tu solicitud. \u00a1Esperamos su consulta! Por favor complete el formulario y h\u00e1ganos saber sus deseos. Estamos encantados de ayudarle.","breadcrumb":{"@id":"https:\/\/www.caribbeantours.ch\/tour-request\/#breadcrumb"},"inLanguage":"es-ES","potentialAction":[{"@type":"ReadAction","target":["https:\/\/www.caribbeantours.ch\/tour-request\/"]}]},{"@type":"BreadcrumbList","@id":"https:\/\/www.caribbeantours.ch\/tour-request\/#breadcrumb","itemListElement":[{"@type":"ListItem","position":1,"name":"Home","item":"https:\/\/www.caribbeantours.ch\/es\/"},{"@type":"ListItem","position":2,"name":"Solicitud de Tour"}]},{"@type":"WebSite","@id":"https:\/\/www.caribbeantours.ch\/#website","url":"https:\/\/www.caribbeantours.ch\/","name":"Caribbean Tours","description":"Caribbean Tours - Caribbean DMC","publisher":{"@id":"https:\/\/www.caribbeantours.ch\/#organization"},"potentialAction":[{"@type":"SearchAction","target":{"@type":"EntryPoint","urlTemplate":"https:\/\/www.caribbeantours.ch\/?s={search_term_string}"},"query-input":{"@type":"PropertyValueSpecification","valueRequired":true,"valueName":"search_term_string"}}],"inLanguage":"es-ES"},{"@type":"Organization","@id":"https:\/\/www.caribbeantours.ch\/#organization","name":"Caribbean Tours \u2013 DMC para Cuba y el Caribe","url":"https:\/\/www.caribbeantours.ch\/","logo":{"@type":"ImageObject","inLanguage":"es-ES","@id":"https:\/\/www.caribbeantours.ch\/#\/schema\/logo\/image\/","url":"https:\/\/www.caribbeantours.ch\/wp-content\/uploads\/2022\/05\/caribbean-tours-logo.jpg","contentUrl":"https:\/\/www.caribbeantours.ch\/wp-content\/uploads\/2022\/05\/caribbean-tours-logo.jpg","width":822,"height":582,"caption":"Caribbean Tours \u2013 DMC para Cuba y el Caribe"},"image":{"@id":"https:\/\/www.caribbeantours.ch\/#\/schema\/logo\/image\/"},"sameAs":["https:\/\/www.facebook.com\/caribbeantours.dmc\/","https:\/\/www.linkedin.com\/company\/caribbeantoursag\/","https:\/\/www.instagram.com\/caribbeantours.dmc\/","https:\/\/www.youtube.com\/channel\/UCr_cJanATKlgxJM50AQToXw"]}]}},"_links":{"self":[{"href":"https:\/\/www.caribbeantours.ch\/es\/wp-json\/wp\/v2\/pages\/4685","targetHints":{"allow":["GET"]}}],"collection":[{"href":"https:\/\/www.caribbeantours.ch\/es\/wp-json\/wp\/v2\/pages"}],"about":[{"href":"https:\/\/www.caribbeantours.ch\/es\/wp-json\/wp\/v2\/types\/page"}],"author":[{"embeddable":true,"href":"https:\/\/www.caribbeantours.ch\/es\/wp-json\/wp\/v2\/users\/1"}],"replies":[{"embeddable":true,"href":"https:\/\/www.caribbeantours.ch\/es\/wp-json\/wp\/v2\/comments?post=4685"}],"version-history":[{"count":9,"href":"https:\/\/www.caribbeantours.ch\/es\/wp-json\/wp\/v2\/pages\/4685\/revisions"}],"predecessor-version":[{"id":17190,"href":"https:\/\/www.caribbeantours.ch\/es\/wp-json\/wp\/v2\/pages\/4685\/revisions\/17190"}],"wp:attachment":[{"href":"https:\/\/www.caribbeantours.ch\/es\/wp-json\/wp\/v2\/media?parent=4685"}],"curies":[{"name":"wp","href":"https:\/\/api.w.org\/{rel}","templated":true}]}}