{"id":3106,"date":"2022-01-27T16:25:49","date_gmt":"2022-01-27T16:25:49","guid":{"rendered":"http:\/\/www.caribbeantours.ch\/ofertas-de-empleo\/"},"modified":"2025-04-24T16:50:29","modified_gmt":"2025-04-24T16:50:29","slug":"ofertas-de-empleo","status":"publish","type":"page","link":"https:\/\/www.caribbeantours.ch\/es\/ofertas-de-empleo\/","title":{"rendered":"Ofertas de Empleo"},"content":{"rendered":"<p>[vc_row unlock_row_content=&#8221;yes&#8221; row_height_percent=&#8221;0&#8243; override_padding=&#8221;yes&#8221; h_padding=&#8221;2&#8243; top_padding=&#8221;2&#8243; bottom_padding=&#8221;3&#8243; overlay_alpha=&#8221;50&#8243; gutter_size=&#8221;3&#8243; column_width_percent=&#8221;100&#8243; shift_y=&#8221;0&#8243; z_index=&#8221;0&#8243; medium_visibility=&#8221;yes&#8221; mobile_visibility=&#8221;yes&#8221; el_class=&#8221;headline-section&#8221;][vc_column column_width_percent=&#8221;100&#8243; align_horizontal=&#8221;align_center&#8221; gutter_size=&#8221;3&#8243; overlay_alpha=&#8221;50&#8243; shift_x=&#8221;0&#8243; shift_y=&#8221;0&#8243; shift_y_down=&#8221;0&#8243; z_index=&#8221;0&#8243; medium_width=&#8221;0&#8243; mobile_width=&#8221;0&#8243; width=&#8221;1\/1&#8243;][vc_custom_heading heading_semantic=&#8221;h1&#8243; text_size=&#8221;h1&#8243; text_weight=&#8221;900&#8243; css_animation=&#8221;curtain-words&#8221; el_class=&#8221;quad-bottom-padding&#8221;]<span class=\"heading-text-highlight \" data-atts='{\"bg\":\"style-color-771824-bg\",\"height\":\"10%\",\"offset\":\"0\",\"opacity\":\"0.75\",\"animated\":\"yes\"}'>Ofertas de Empleo<\/span><\/p>\n<div class=\"animated-subtitle\">Ofertas de Trabajo en el Caribe<\/div>\n<p>[\/vc_custom_heading][vc_wp_custommenu nav_menu=&#8221;8&#8243; nav_menu_horizontal=&#8221;1&#8243;][\/vc_column][\/vc_row][vc_row unlock_row_content=&#8221;yes&#8221; row_height_percent=&#8221;0&#8243; override_padding=&#8221;yes&#8221; h_padding=&#8221;0&#8243; top_padding=&#8221;3&#8243; bottom_padding=&#8221;5&#8243; overlay_alpha=&#8221;50&#8243; gutter_size=&#8221;3&#8243; column_width_percent=&#8221;100&#8243; shift_y=&#8221;0&#8243; z_index=&#8221;0&#8243; desktop_visibility=&#8221;yes&#8221; el_class=&#8221;headline-section&#8221;][vc_column column_width_percent=&#8221;100&#8243; align_horizontal=&#8221;align_center&#8221; gutter_size=&#8221;3&#8243; overlay_alpha=&#8221;50&#8243; shift_x=&#8221;0&#8243; shift_y=&#8221;0&#8243; shift_y_down=&#8221;0&#8243; z_index=&#8221;0&#8243; medium_width=&#8221;0&#8243; mobile_width=&#8221;0&#8243; width=&#8221;1\/1&#8243;][vc_custom_heading heading_semantic=&#8221;h1&#8243; text_size=&#8221;h1&#8243; text_weight=&#8221;900&#8243; css_animation=&#8221;curtain-words&#8221;]<span class=\"heading-text-highlight \" data-atts='{\"bg\":\"style-color-771824-bg\",\"height\":\"10%\",\"offset\":\"0\",\"opacity\":\"0.75\",\"animated\":\"yes\"}'>Ofertas de Empleo<\/span><\/p>\n<div class=\"animated-subtitle\">Ofertas de Trabajo en el Caribe<\/div>\n<p>[\/vc_custom_heading][\/vc_column][\/vc_row][vc_row unlock_row_content=&#8221;yes&#8221; row_height_percent=&#8221;0&#8243; override_padding=&#8221;yes&#8221; h_padding=&#8221;0&#8243; top_padding=&#8221;0&#8243; bottom_padding=&#8221;0&#8243; overlay_alpha=&#8221;50&#8243; gutter_size=&#8221;3&#8243; column_width_percent=&#8221;100&#8243; shift_y=&#8221;0&#8243; z_index=&#8221;0&#8243; el_class=&#8221;top-banner-section&#8221; front_end_with_slider=&#8221;true&#8221;][vc_column column_width_percent=&#8221;100&#8243; gutter_size=&#8221;3&#8243; override_padding=&#8221;yes&#8221; column_padding=&#8221;0&#8243; overlay_alpha=&#8221;50&#8243; shift_x=&#8221;0&#8243; shift_y=&#8221;0&#8243; shift_y_down=&#8221;0&#8243; z_index=&#8221;0&#8243; medium_width=&#8221;0&#8243; mobile_width=&#8221;0&#8243; width=&#8221;1\/1&#8243;][uncode_slider slider_interval=&#8221;3000&#8243; slider_navspeed=&#8221;400&#8243; slider_loop=&#8221;yes&#8221; slider_hide_dots=&#8221;yes&#8221;][vc_row_inner row_inner_height_percent=&#8221;100&#8243; overlay_alpha=&#8221;50&#8243; gutter_size=&#8221;3&#8243; shift_y=&#8221;0&#8243; z_index=&#8221;0&#8243; limit_content=&#8221;&#8221; front_end_with_slider=&#8221;true&#8221;][vc_column_inner column_width_percent=&#8221;100&#8243; gutter_size=&#8221;3&#8243; overlay_alpha=&#8221;50&#8243; shift_x=&#8221;0&#8243; shift_y=&#8221;0&#8243; shift_y_down=&#8221;0&#8243; z_index=&#8221;0&#8243; medium_width=&#8221;0&#8243; mobile_width=&#8221;0&#8243; width=&#8221;1\/1&#8243;][vc_single_image media=&#8221;3099&#8243; media_width_percent=&#8221;100&#8243;][\/vc_column_inner][\/vc_row_inner][\/uncode_slider][vc_row_inner row_inner_height_percent=&#8221;0&#8243; overlay_alpha=&#8221;50&#8243; gutter_size=&#8221;3&#8243; shift_y=&#8221;0&#8243; z_index=&#8221;0&#8243; el_class=&#8221;contact-box-section&#8221; limit_content=&#8221;&#8221;][vc_column_inner column_width_use_pixel=&#8221;yes&#8221; gutter_size=&#8221;3&#8243; overlay_alpha=&#8221;50&#8243; shift_x=&#8221;0&#8243; shift_y=&#8221;0&#8243; shift_y_down=&#8221;0&#8243; z_index=&#8221;0&#8243; medium_width=&#8221;0&#8243; mobile_width=&#8221;0&#8243; width=&#8221;5\/12&#8243; column_width_pixel=&#8221;816&#8243;][vc_single_image media=&#8221;8943&#8243; media_width_use_pixel=&#8221;yes&#8221; alignment=&#8221;right&#8221; media_width_pixel=&#8221;318&#8243;][\/vc_column_inner][vc_column_inner column_width_percent=&#8221;100&#8243; gutter_size=&#8221;3&#8243; back_color=&#8221;color-467313&#8243; overlay_alpha=&#8221;50&#8243; shift_x=&#8221;0&#8243; shift_y=&#8221;0&#8243; shift_y_down=&#8221;0&#8243; z_index=&#8221;0&#8243; medium_width=&#8221;0&#8243; mobile_width=&#8221;0&#8243; width=&#8221;7\/12&#8243;][vc_custom_heading heading_semantic=&#8221;h1&#8243; text_size=&#8221;h1&#8243; text_weight=&#8221;900&#8243; text_transform=&#8221;uppercase&#8221; text_color=&#8221;color-xsdn&#8221;]Habla con<br \/>\nnuestros expertos[\/vc_custom_heading][vc_custom_heading heading_semantic=&#8221;h3&#8243; text_size=&#8221;h3&#8243; text_weight=&#8221;900&#8243; text_transform=&#8221;capitalize&#8221; text_height=&#8221;fontheight-150564&#8243; subheading=&#8221;CEO Advisor &amp; People Mgmt.&#8221;]Janice Curbelo[\/vc_custom_heading][vc_column_text]+53 78344251<br \/>\njanice.curbelo@caribbeantours.ch[\/vc_column_text][\/vc_column_inner][\/vc_row_inner][\/vc_column][\/vc_row][vc_row row_height_percent=&#8221;0&#8243; override_padding=&#8221;yes&#8221; h_padding=&#8221;0&#8243; top_padding=&#8221;7&#8243; bottom_padding=&#8221;4&#8243; overlay_alpha=&#8221;50&#8243; gutter_size=&#8221;3&#8243; column_width_percent=&#8221;100&#8243; shift_y=&#8221;0&#8243; z_index=&#8221;0&#8243; el_class=&#8221;accordion-section&#8221;][vc_column column_width_use_pixel=&#8221;yes&#8221; gutter_size=&#8221;3&#8243; overlay_alpha=&#8221;50&#8243; shift_x=&#8221;0&#8243; shift_y=&#8221;0&#8243; shift_y_down=&#8221;0&#8243; z_index=&#8221;0&#8243; medium_width=&#8221;0&#8243; mobile_width=&#8221;0&#8243; width=&#8221;1\/1&#8243; column_width_pixel=&#8221;1030&#8243;][vc_custom_heading text_size=&#8221;fontsize-102324&#8243; text_weight=&#8221;900&#8243;]<span class=\"heading-text-highlight \" data-atts='{\"bg\":\"style-color-771824-bg\",\"height\":\"10%\",\"offset\":\"0\",\"opacity\":\"0.75\",\"animated\":\"yes\"}'>Vacantes<\/span> Actuales[\/vc_custom_heading][vc_column_text]Vivir y trabajar en el Caribe! Como agencias receptivas destacadas \/ DMCs con oficinas en La Habana y Santo Domingo buscamos empleados motivados para el refuerzo de nuestro equipo internacional. Aqu\u00ed se encuentra un resumen de las vacantes actuales en el Caribe. Favor de enviar su solicitud espont\u00e1nea por <a href=\"mailto:jobs.cu@caribbeantours.ch\">correo<\/a> a la Sra. Michaela St\u00f6ber.[\/vc_column_text][vc_custom_heading text_weight=&#8221;900&#8243;]Caribbean Tours CUBA[\/vc_custom_heading][vc_column_text]Por el momento no tenemos plazas vacantes.[\/vc_column_text][vc_custom_heading text_weight=&#8221;900&#8243;]Caribbean Tours REP\u00daBLICA DOMINICANA[\/vc_custom_heading][vc_accordion][vc_accordion_tab gutter_size=&#8221;2&#8243; column_padding=&#8221;2&#8243; title=&#8221;Travel Designer &#8211; franc\u00f3fono nativo o con muy buenos conocimientos de idioma franc\u00e9s.&#8221; tab_id=&#8221;1725378352-1-78&#8243;][vc_column_text]Para nuestro equipo de ventas en la oficina de Santo Domingo, estamos buscando un Travel Designer franc\u00e9s nativo o con muy buenos conocimientos de idioma franc\u00e9s. Sus principales responsabilidades incluir\u00e1n:[\/vc_column_text][uncode_list icon=&#8221;fa fa-chevron-right&#8221; icon_color=&#8221;color-106015&#8243;]<\/p>\n<ul>\n<li>Principal responsable de todas las solicitudes de viaje en la plataforma Evaneos.<\/li>\n<li>Desarrollo y venta de circuitos a medida alejados del turismo de masas en la Rep\u00fablica Dominicana.<\/li>\n<li>Prestar servicios de atenci\u00f3n al cliente por correo electr\u00f3nico y tel\u00e9fono y garantizar una comunicaci\u00f3n impecable y puntual en franc\u00e9s.<\/li>\n<li>Preparaci\u00f3n de propuestas, elaboraci\u00f3n y c\u00e1lculo de viajes individuales a medida en franc\u00e9s.<\/li>\n<li>Garantizar el buen funcionamiento de los servicios reservados en el destino, incluida la reserva de hoteles y otros servicios.<\/li>\n<li>Creaci\u00f3n de documentos de viaje.<\/li>\n<li>Realizaci\u00f3n de reuniones informativas para gu\u00edas y clientes.<\/li>\n<\/ul>\n<p>[\/uncode_list][vc_column_text css=&#8221;.vc_custom_1725382916907{padding-top: 10px !important;}&#8221;]<a href=\"https:\/\/www.caribbeantours.ch\/wp-content\/uploads\/2024\/09\/Caribbean-Tours-Dominican-Republic-is-Hiring-Travel-Designer-FR-ES.pdf\" target=\"_blank\" rel=\"noopener\"><u>Descarga la oferta de trabajo<\/u><\/a> para m\u00e1s detalles.[\/vc_column_text][\/vc_accordion_tab][\/vc_accordion][vc_custom_heading text_weight=&#8221;900&#8243;]Caribbean Tours M\u00c9XICO[\/vc_custom_heading][vc_column_text]Por el momento no tenemos plazas vacantes.[\/vc_column_text][\/vc_column][\/vc_row][vc_row row_height_percent=&#8221;0&#8243; override_padding=&#8221;yes&#8221; h_padding=&#8221;2&#8243; top_padding=&#8221;4&#8243; bottom_padding=&#8221;7&#8243; overlay_alpha=&#8221;100&#8243; gutter_size=&#8221;100&#8243; column_width_percent=&#8221;100&#8243; shift_y=&#8221;0&#8243; z_index=&#8221;0&#8243; style=&#8221;inherited&#8221; el_class=&#8221;cant-find-section&#8221;][vc_column column_width_percent=&#8221;100&#8243; position_vertical=&#8221;middle&#8221; align_horizontal=&#8221;align_center&#8221; gutter_size=&#8221;3&#8243; override_padding=&#8221;yes&#8221; column_padding=&#8221;0&#8243; overlay_alpha=&#8221;100&#8243; shift_x=&#8221;0&#8243; shift_y=&#8221;0&#8243; shift_y_down=&#8221;0&#8243; z_index=&#8221;0&#8243; medium_width=&#8221;0&#8243; mobile_width=&#8221;0&#8243; zoom_width=&#8221;0&#8243; zoom_height=&#8221;0&#8243; width=&#8221;1\/1&#8243;][vc_row_inner row_inner_height_percent=&#8221;0&#8243; overlay_alpha=&#8221;50&#8243; gutter_size=&#8221;3&#8243; shift_y=&#8221;0&#8243; z_index=&#8221;0&#8243; el_class=&#8221;cant-find-section&#8221; limit_content=&#8221;&#8221;][vc_column_inner column_width_percent=&#8221;100&#8243; align_horizontal=&#8221;align_right&#8221; gutter_size=&#8221;3&#8243; overlay_alpha=&#8221;50&#8243; shift_x=&#8221;0&#8243; shift_y=&#8221;0&#8243; shift_y_down=&#8221;0&#8243; z_index=&#8221;0&#8243; medium_width=&#8221;0&#8243; mobile_width=&#8221;0&#8243; width=&#8221;1\/2&#8243;][vc_custom_heading heading_semantic=&#8221;h1&#8243; text_font=&#8221;font-144238&#8243; text_size=&#8221;h1&#8243; text_weight=&#8221;900&#8243; text_transform=&#8221;uppercase&#8221; css_animation=&#8221;curtain-words&#8221; el_class=&#8221;font-size-en-80 font-size-de-80 font-size-es-80&#8243;]\u00bfno lo<br \/>\nhas<br \/>\n<span class=\"heading-text-highlight \" data-atts='{\"bg\":\"style-color-771824-bg\",\"height\":\"10%\",\"offset\":\"0\",\"opacity\":\"0.75\",\"animated\":\"yes\"}'>hallado?<\/span>[\/vc_custom_heading][\/vc_column_inner][vc_column_inner column_width_percent=&#8221;100&#8243; gutter_size=&#8221;3&#8243; font_family=&#8221;font-172781&#8243; overlay_alpha=&#8221;50&#8243; shift_x=&#8221;0&#8243; shift_y=&#8221;0&#8243; shift_y_down=&#8221;0&#8243; z_index=&#8221;0&#8243; medium_width=&#8221;0&#8243; mobile_width=&#8221;0&#8243; width=&#8221;1\/2&#8243;][vc_column_text text_lead=&#8221;yes&#8221;]<strong>NO TE PREOCUPES<\/strong><\/p>\n<p>Ll\u00e1manos al <strong>+53 7 834 4251<\/strong><br \/>\ndinos <strong><a href=\"\/es\/contacto\/\">aqu\u00ed<\/a><\/strong> qu\u00e9<br \/>\nest\u00e1s buscando.<\/p>\n<p>Te responderemos<br \/>\nen breve.[\/vc_column_text][\/vc_column_inner][\/vc_row_inner][\/vc_column][\/vc_row]<\/p>\n","protected":false},"excerpt":{"rendered":"<p>[vc_row unlock_row_content=&#8221;yes&#8221; row_height_percent=&#8221;0&#8243; override_padding=&#8221;yes&#8221; h_padding=&#8221;2&#8243; top_padding=&#8221;2&#8243; bottom_padding=&#8221;3&#8243; overlay_alpha=&#8221;50&#8243; gutter_size=&#8221;3&#8243; column_width_percent=&#8221;100&#8243; shift_y=&#8221;0&#8243; z_index=&#8221;0&#8243; medium_visibility=&#8221;yes&#8221; mobile_visibility=&#8221;yes&#8221; el_class=&#8221;headline-section&#8221;][vc_column column_width_percent=&#8221;100&#8243; align_horizontal=&#8221;align_center&#8221; gutter_size=&#8221;3&#8243; overlay_alpha=&#8221;50&#8243; shift_x=&#8221;0&#8243; [&hellip;]<\/p>\n","protected":false},"author":1,"featured_media":0,"parent":0,"menu_order":0,"comment_status":"closed","ping_status":"closed","template":"","meta":{"_monsterinsights_skip_tracking":false,"_monsterinsights_sitenote_active":false,"_monsterinsights_sitenote_note":"","_monsterinsights_sitenote_category":0,"footnotes":""},"class_list":["post-3106","page","type-page","status-publish","hentry","page_category-menu-inferior"],"yoast_head":"<!-- This site is optimized with the Yoast SEO plugin v25.9 - https:\/\/yoast.com\/wordpress\/plugins\/seo\/ -->\n<title>Caribbean Tours AG \u2013 Ofertas de Empleo<\/title>\n<meta name=\"description\" content=\"Consulta en nuestras p\u00e1ginas las ofertas de trabajo de Caribbean Tours. Como DMC con oficinas en La Habana y Santo Domingo siempre estamos a la b\u00fasqueda de empleados motivados que refuercen nuestro equipo internacional.\" \/>\n<meta name=\"robots\" content=\"index, follow, max-snippet:-1, max-image-preview:large, max-video-preview:-1\" \/>\n<link rel=\"canonical\" href=\"https:\/\/www.caribbeantours.ch\/jobs\/\" \/>\n<meta property=\"og:locale\" content=\"es_ES\" \/>\n<meta property=\"og:type\" content=\"article\" \/>\n<meta property=\"og:title\" content=\"Caribbean Tours AG \u2013 Ofertas de Empleo\" \/>\n<meta property=\"og:description\" content=\"Consulta en nuestras p\u00e1ginas las ofertas de trabajo de Caribbean Tours. Como DMC con oficinas en La Habana y Santo Domingo siempre estamos a la b\u00fasqueda de empleados motivados que refuercen nuestro equipo internacional.\" \/>\n<meta property=\"og:url\" content=\"https:\/\/www.caribbeantours.ch\/jobs\/\" \/>\n<meta property=\"og:site_name\" content=\"Caribbean Tours\" \/>\n<meta property=\"article:publisher\" content=\"https:\/\/www.facebook.com\/caribbeantours.dmc\/\" \/>\n<meta property=\"article:modified_time\" content=\"2025-04-24T16:50:29+00:00\" \/>\n<meta name=\"twitter:card\" content=\"summary_large_image\" \/>\n<meta name=\"twitter:label1\" content=\"Est. reading time\" \/>\n\t<meta name=\"twitter:data1\" content=\"4 minutes\" \/>\n<script type=\"application\/ld+json\" class=\"yoast-schema-graph\">{\"@context\":\"https:\/\/schema.org\",\"@graph\":[{\"@type\":\"WebPage\",\"@id\":\"https:\/\/www.caribbeantours.ch\/jobs\/\",\"url\":\"https:\/\/www.caribbeantours.ch\/jobs\/\",\"name\":\"Caribbean Tours AG \u2013 Ofertas de Empleo\",\"isPartOf\":{\"@id\":\"https:\/\/www.caribbeantours.ch\/#website\"},\"datePublished\":\"2022-01-27T16:25:49+00:00\",\"dateModified\":\"2025-04-24T16:50:29+00:00\",\"description\":\"Consulta en nuestras p\u00e1ginas las ofertas de trabajo de Caribbean Tours. Como DMC con oficinas en La Habana y Santo Domingo siempre estamos a la b\u00fasqueda de empleados motivados que refuercen nuestro equipo internacional.\",\"breadcrumb\":{\"@id\":\"https:\/\/www.caribbeantours.ch\/jobs\/#breadcrumb\"},\"inLanguage\":\"es-ES\",\"potentialAction\":[{\"@type\":\"ReadAction\",\"target\":[\"https:\/\/www.caribbeantours.ch\/jobs\/\"]}]},{\"@type\":\"BreadcrumbList\",\"@id\":\"https:\/\/www.caribbeantours.ch\/jobs\/#breadcrumb\",\"itemListElement\":[{\"@type\":\"ListItem\",\"position\":1,\"name\":\"Home\",\"item\":\"https:\/\/www.caribbeantours.ch\/es\/\"},{\"@type\":\"ListItem\",\"position\":2,\"name\":\"Ofertas de Empleo\"}]},{\"@type\":\"WebSite\",\"@id\":\"https:\/\/www.caribbeantours.ch\/#website\",\"url\":\"https:\/\/www.caribbeantours.ch\/\",\"name\":\"Caribbean Tours\",\"description\":\"Caribbean Tours - Caribbean DMC\",\"publisher\":{\"@id\":\"https:\/\/www.caribbeantours.ch\/#organization\"},\"potentialAction\":[{\"@type\":\"SearchAction\",\"target\":{\"@type\":\"EntryPoint\",\"urlTemplate\":\"https:\/\/www.caribbeantours.ch\/?s={search_term_string}\"},\"query-input\":{\"@type\":\"PropertyValueSpecification\",\"valueRequired\":true,\"valueName\":\"search_term_string\"}}],\"inLanguage\":\"es-ES\"},{\"@type\":\"Organization\",\"@id\":\"https:\/\/www.caribbeantours.ch\/#organization\",\"name\":\"Caribbean Tours \u2013 DMC para Cuba y el Caribe\",\"url\":\"https:\/\/www.caribbeantours.ch\/\",\"logo\":{\"@type\":\"ImageObject\",\"inLanguage\":\"es-ES\",\"@id\":\"https:\/\/www.caribbeantours.ch\/#\/schema\/logo\/image\/\",\"url\":\"https:\/\/www.caribbeantours.ch\/wp-content\/uploads\/2022\/05\/caribbean-tours-logo.jpg\",\"contentUrl\":\"https:\/\/www.caribbeantours.ch\/wp-content\/uploads\/2022\/05\/caribbean-tours-logo.jpg\",\"width\":822,\"height\":582,\"caption\":\"Caribbean Tours \u2013 DMC para Cuba y el Caribe\"},\"image\":{\"@id\":\"https:\/\/www.caribbeantours.ch\/#\/schema\/logo\/image\/\"},\"sameAs\":[\"https:\/\/www.facebook.com\/caribbeantours.dmc\/\",\"https:\/\/www.linkedin.com\/company\/caribbeantoursag\/\",\"https:\/\/www.instagram.com\/caribbeantours.dmc\/\",\"https:\/\/www.youtube.com\/channel\/UCr_cJanATKlgxJM50AQToXw\"]}]}<\/script>\n<!-- \/ Yoast SEO plugin. -->","yoast_head_json":{"title":"Caribbean Tours AG \u2013 Ofertas de Empleo","description":"Consulta en nuestras p\u00e1ginas las ofertas de trabajo de Caribbean Tours. Como DMC con oficinas en La Habana y Santo Domingo siempre estamos a la b\u00fasqueda de empleados motivados que refuercen nuestro equipo internacional.","robots":{"index":"index","follow":"follow","max-snippet":"max-snippet:-1","max-image-preview":"max-image-preview:large","max-video-preview":"max-video-preview:-1"},"canonical":"https:\/\/www.caribbeantours.ch\/jobs\/","og_locale":"es_ES","og_type":"article","og_title":"Caribbean Tours AG \u2013 Ofertas de Empleo","og_description":"Consulta en nuestras p\u00e1ginas las ofertas de trabajo de Caribbean Tours. Como DMC con oficinas en La Habana y Santo Domingo siempre estamos a la b\u00fasqueda de empleados motivados que refuercen nuestro equipo internacional.","og_url":"https:\/\/www.caribbeantours.ch\/jobs\/","og_site_name":"Caribbean Tours","article_publisher":"https:\/\/www.facebook.com\/caribbeantours.dmc\/","article_modified_time":"2025-04-24T16:50:29+00:00","twitter_card":"summary_large_image","twitter_misc":{"Est. reading time":"4 minutes"},"schema":{"@context":"https:\/\/schema.org","@graph":[{"@type":"WebPage","@id":"https:\/\/www.caribbeantours.ch\/jobs\/","url":"https:\/\/www.caribbeantours.ch\/jobs\/","name":"Caribbean Tours AG \u2013 Ofertas de Empleo","isPartOf":{"@id":"https:\/\/www.caribbeantours.ch\/#website"},"datePublished":"2022-01-27T16:25:49+00:00","dateModified":"2025-04-24T16:50:29+00:00","description":"Consulta en nuestras p\u00e1ginas las ofertas de trabajo de Caribbean Tours. Como DMC con oficinas en La Habana y Santo Domingo siempre estamos a la b\u00fasqueda de empleados motivados que refuercen nuestro equipo internacional.","breadcrumb":{"@id":"https:\/\/www.caribbeantours.ch\/jobs\/#breadcrumb"},"inLanguage":"es-ES","potentialAction":[{"@type":"ReadAction","target":["https:\/\/www.caribbeantours.ch\/jobs\/"]}]},{"@type":"BreadcrumbList","@id":"https:\/\/www.caribbeantours.ch\/jobs\/#breadcrumb","itemListElement":[{"@type":"ListItem","position":1,"name":"Home","item":"https:\/\/www.caribbeantours.ch\/es\/"},{"@type":"ListItem","position":2,"name":"Ofertas de Empleo"}]},{"@type":"WebSite","@id":"https:\/\/www.caribbeantours.ch\/#website","url":"https:\/\/www.caribbeantours.ch\/","name":"Caribbean Tours","description":"Caribbean Tours - Caribbean DMC","publisher":{"@id":"https:\/\/www.caribbeantours.ch\/#organization"},"potentialAction":[{"@type":"SearchAction","target":{"@type":"EntryPoint","urlTemplate":"https:\/\/www.caribbeantours.ch\/?s={search_term_string}"},"query-input":{"@type":"PropertyValueSpecification","valueRequired":true,"valueName":"search_term_string"}}],"inLanguage":"es-ES"},{"@type":"Organization","@id":"https:\/\/www.caribbeantours.ch\/#organization","name":"Caribbean Tours \u2013 DMC para Cuba y el Caribe","url":"https:\/\/www.caribbeantours.ch\/","logo":{"@type":"ImageObject","inLanguage":"es-ES","@id":"https:\/\/www.caribbeantours.ch\/#\/schema\/logo\/image\/","url":"https:\/\/www.caribbeantours.ch\/wp-content\/uploads\/2022\/05\/caribbean-tours-logo.jpg","contentUrl":"https:\/\/www.caribbeantours.ch\/wp-content\/uploads\/2022\/05\/caribbean-tours-logo.jpg","width":822,"height":582,"caption":"Caribbean Tours \u2013 DMC para Cuba y el Caribe"},"image":{"@id":"https:\/\/www.caribbeantours.ch\/#\/schema\/logo\/image\/"},"sameAs":["https:\/\/www.facebook.com\/caribbeantours.dmc\/","https:\/\/www.linkedin.com\/company\/caribbeantoursag\/","https:\/\/www.instagram.com\/caribbeantours.dmc\/","https:\/\/www.youtube.com\/channel\/UCr_cJanATKlgxJM50AQToXw"]}]}},"_links":{"self":[{"href":"https:\/\/www.caribbeantours.ch\/es\/wp-json\/wp\/v2\/pages\/3106","targetHints":{"allow":["GET"]}}],"collection":[{"href":"https:\/\/www.caribbeantours.ch\/es\/wp-json\/wp\/v2\/pages"}],"about":[{"href":"https:\/\/www.caribbeantours.ch\/es\/wp-json\/wp\/v2\/types\/page"}],"author":[{"embeddable":true,"href":"https:\/\/www.caribbeantours.ch\/es\/wp-json\/wp\/v2\/users\/1"}],"replies":[{"embeddable":true,"href":"https:\/\/www.caribbeantours.ch\/es\/wp-json\/wp\/v2\/comments?post=3106"}],"version-history":[{"count":23,"href":"https:\/\/www.caribbeantours.ch\/es\/wp-json\/wp\/v2\/pages\/3106\/revisions"}],"predecessor-version":[{"id":15714,"href":"https:\/\/www.caribbeantours.ch\/es\/wp-json\/wp\/v2\/pages\/3106\/revisions\/15714"}],"wp:attachment":[{"href":"https:\/\/www.caribbeantours.ch\/es\/wp-json\/wp\/v2\/media?parent=3106"}],"curies":[{"name":"wp","href":"https:\/\/api.w.org\/{rel}","templated":true}]}}