{"id":16923,"date":"2025-10-06T08:44:25","date_gmt":"2025-10-06T08:44:25","guid":{"rendered":"https:\/\/www.caribbeantours.ch\/?page_id=16923"},"modified":"2026-01-19T14:09:10","modified_gmt":"2026-01-19T14:09:10","slug":"testimonios","status":"publish","type":"page","link":"https:\/\/www.caribbeantours.ch\/es\/empresa\/testimonios\/","title":{"rendered":"Testimonios"},"content":{"rendered":"<p>[vc_row unlock_row_content=&#8221;yes&#8221; row_height_percent=&#8221;0&#8243; override_padding=&#8221;yes&#8221; h_padding=&#8221;2&#8243; top_padding=&#8221;2&#8243; bottom_padding=&#8221;3&#8243; overlay_alpha=&#8221;50&#8243; gutter_size=&#8221;3&#8243; column_width_percent=&#8221;100&#8243; shift_y=&#8221;0&#8243; z_index=&#8221;0&#8243; medium_visibility=&#8221;yes&#8221; mobile_visibility=&#8221;yes&#8221; el_class=&#8221;headline-section&#8221;][vc_column column_width_percent=&#8221;100&#8243; align_horizontal=&#8221;align_center&#8221; gutter_size=&#8221;3&#8243; overlay_alpha=&#8221;50&#8243; shift_x=&#8221;0&#8243; shift_y=&#8221;0&#8243; shift_y_down=&#8221;0&#8243; z_index=&#8221;0&#8243; medium_width=&#8221;0&#8243; mobile_width=&#8221;0&#8243; width=&#8221;1\/1&#8243;][vc_custom_heading heading_semantic=&#8221;h1&#8243; text_size=&#8221;h1&#8243; text_weight=&#8221;900&#8243; css_animation=&#8221;curtain-words&#8221; el_class=&#8221;double-bottom-padding&#8221;]<span class=\"heading-text-highlight \" data-atts='{\"bg\":\"style-color-771824-bg\",\"height\":\"10%\",\"offset\":\"0\",\"opacity\":\"0.75\",\"animated\":\"yes\"}'>Testimonios de nuestros Socios y Viajeros<\/span><br \/>Experiencias Reales, Recuerdos Aut\u00e9nticos[\/vc_custom_heading][vc_wp_custommenu nav_menu=&#8221;8&#8243; nav_menu_horizontal=&#8221;1&#8243;][\/vc_column][\/vc_row][vc_row unlock_row_content=&#8221;yes&#8221; row_height_percent=&#8221;0&#8243; override_padding=&#8221;yes&#8221; h_padding=&#8221;0&#8243; top_padding=&#8221;2&#8243; bottom_padding=&#8221;3&#8243; overlay_alpha=&#8221;50&#8243; gutter_size=&#8221;3&#8243; column_width_percent=&#8221;100&#8243; shift_y=&#8221;0&#8243; z_index=&#8221;0&#8243; desktop_visibility=&#8221;yes&#8221; el_class=&#8221;headline-section&#8221;][vc_column column_width_percent=&#8221;100&#8243; align_horizontal=&#8221;align_center&#8221; gutter_size=&#8221;3&#8243; overlay_alpha=&#8221;50&#8243; shift_x=&#8221;0&#8243; shift_y=&#8221;0&#8243; shift_y_down=&#8221;0&#8243; z_index=&#8221;0&#8243; medium_width=&#8221;0&#8243; mobile_width=&#8221;0&#8243; width=&#8221;1\/1&#8243;][vc_custom_heading heading_semantic=&#8221;h1&#8243; text_size=&#8221;h1&#8243; text_weight=&#8221;900&#8243; css_animation=&#8221;curtain-words&#8221;]<span class=\"heading-text-highlight \" data-atts='{\"bg\":\"style-color-771824-bg\",\"height\":\"10%\",\"offset\":\"0\",\"opacity\":\"0.75\",\"animated\":\"yes\"}'>Testimonios de nuestros Socios y Viajeros<\/span><br \/>Experiencias Reales, Recuerdos Aut\u00e9nticos[\/vc_custom_heading][\/vc_column][\/vc_row][vc_row unlock_row_content=&#8221;yes&#8221; row_height_percent=&#8221;0&#8243; override_padding=&#8221;yes&#8221; h_padding=&#8221;0&#8243; top_padding=&#8221;0&#8243; bottom_padding=&#8221;0&#8243; overlay_alpha=&#8221;50&#8243; gutter_size=&#8221;3&#8243; column_width_percent=&#8221;100&#8243; shift_y=&#8221;0&#8243; z_index=&#8221;0&#8243; el_class=&#8221;top-banner-section&#8221; front_end_with_slider=&#8221;true&#8221;][vc_column column_width_percent=&#8221;100&#8243; gutter_size=&#8221;3&#8243; override_padding=&#8221;yes&#8221; column_padding=&#8221;0&#8243; overlay_alpha=&#8221;50&#8243; shift_x=&#8221;0&#8243; shift_y=&#8221;0&#8243; shift_y_down=&#8221;0&#8243; z_index=&#8221;0&#8243; medium_width=&#8221;0&#8243; mobile_width=&#8221;0&#8243; width=&#8221;1\/1&#8243;][uncode_slider slider_interval=&#8221;0&#8243; slider_navspeed=&#8221;400&#8243;][vc_row_inner row_inner_height_percent=&#8221;100&#8243; overlay_alpha=&#8221;50&#8243; gutter_size=&#8221;3&#8243; shift_y=&#8221;0&#8243; z_index=&#8221;0&#8243; limit_content=&#8221;&#8221; front_end_with_slider=&#8221;true&#8221;][vc_column_inner column_width_percent=&#8221;100&#8243; gutter_size=&#8221;3&#8243; overlay_alpha=&#8221;50&#8243; shift_x=&#8221;0&#8243; shift_y=&#8221;0&#8243; shift_y_down=&#8221;0&#8243; z_index=&#8221;0&#8243; medium_width=&#8221;0&#8243; mobile_width=&#8221;0&#8243; width=&#8221;1\/1&#8243;][vc_single_image media=&#8221;830&#8243; media_width_percent=&#8221;100&#8243;][\/vc_column_inner][\/vc_row_inner][\/uncode_slider][\/vc_column][\/vc_row][vc_row row_height_percent=&#8221;0&#8243; override_padding=&#8221;yes&#8221; h_padding=&#8221;0&#8243; top_padding=&#8221;7&#8243; bottom_padding=&#8221;4&#8243; overlay_alpha=&#8221;50&#8243; gutter_size=&#8221;3&#8243; column_width_percent=&#8221;100&#8243; shift_y=&#8221;0&#8243; z_index=&#8221;0&#8243; el_class=&#8221;accordion-section testimonials-accordion-section&#8221;][vc_column column_width_use_pixel=&#8221;yes&#8221; gutter_size=&#8221;3&#8243; overlay_alpha=&#8221;50&#8243; shift_x=&#8221;0&#8243; shift_y=&#8221;0&#8243; shift_y_down=&#8221;0&#8243; z_index=&#8221;0&#8243; medium_width=&#8221;0&#8243; mobile_width=&#8221;0&#8243; width=&#8221;1\/1&#8243; column_width_pixel=&#8221;1030&#8243;][vc_custom_heading text_size=&#8221;fontsize-102324&#8243; text_weight=&#8221;900&#8243;]<span class=\"heading-text-highlight \" data-atts='{\"bg\":\"style-color-771824-bg\",\"height\":\"10%\",\"offset\":\"0\",\"opacity\":\"0.75\",\"animated\":\"yes\"}'>Testimonios<\/span> de Socios y Viajeros [\/vc_custom_heading][vc_column_text]En Caribbean Tours, cada viaje est\u00e1 dise\u00f1ado para crear recuerdos inolvidables. Pero no solo conf\u00edes en nuestra palabra: lee lo que nuestros socios y viajeros tienen para decir. Desde actividades guiadas con expertos y alojamientos cuidadosamente seleccionados hasta experiencias innovadoras como recorridos en e-bike por La Habana, estos testimonios reflejan nuestra pasi\u00f3n por el servicio, la autenticidad y la sostenibilidad.[\/vc_column_text][vc_accordion sign=&#8221;plus&#8221;][vc_accordion_tab gutter_size=&#8221;2&#8243; column_padding=&#8221;2&#8243; title=&#8221;Dennis Gowitzke, Wikinger Reisen GmbH &#8211; 3 de octubre de 2025&#8243; tab_id=&#8221;1652898683-2-661759400811510&#8243; slug=&#8221;Dennis-Gowitzke&#8221;][vc_column_text css=&#8221;.vc_custom_1759739005194{margin-bottom: 18px !important;}&#8221;]Die Zusammenarbeit mit den Teams in den einzelnen Destinationen verl\u00e4uft immer freundlich, kompetent und l\u00f6sungsorientiert. Auch kleinere und gr\u00f6\u00dfere Herausforderungen werden schnell und kreativ gel\u00f6st, die Endprodukte werden von unseren G\u00e4sten sehr positiv bewertet.[\/vc_column_text][vc_single_image media=&#8221;16979&#8243; media_width_use_pixel=&#8221;yes&#8221; media_width_pixel=&#8221;200&#8243;][\/vc_accordion_tab][vc_accordion_tab gutter_size=&#8221;2&#8243; column_padding=&#8221;2&#8243; title=&#8221;Guido V\u00f6lkel, ECC-Studienreisen &#8211; 3 de octubre de 2025&#8243; tab_id=&#8221;1652898683-2-661759400811510&#8243; slug=&#8221;Guido-V\u00f6lkel&#8221;][vc_column_text css=&#8221;.vc_custom_1759739235147{margin-bottom: 18px !important;}&#8221;]Die Zusammenarbeit mit dem kubanischen B\u00fcro war von der Anfrage bis zur Durchf\u00fchrung der Reise 100% reibungslos. Die Erreichbarkeit war immer gegeben. Alle Extraw\u00fcnsche wurden umgesetzt, die Reise ist gut gelaufen, die Teilnehmer waren sehr zufrieden. Die n\u00e4chste Reise ist schon in Planung.[\/vc_column_text][vc_single_image media=&#8221;16963&#8243; media_width_use_pixel=&#8221;yes&#8221; media_width_pixel=&#8221;200&#8243;][\/vc_accordion_tab][vc_accordion_tab gutter_size=&#8221;2&#8243; column_padding=&#8221;2&#8243; title=&#8221;Jenny Granados, World Insight &#8211; 3 de octubre de 2025&#8243; tab_id=&#8221;1652898683-2-661759400811510&#8243; slug=&#8221;Jenny Granados&#8221;][vc_column_text css=&#8221;.vc_custom_1759739306822{margin-bottom: 18px !important;}&#8221;]Caribbean Tours ist eine Agentur, mit der wir seit Langem vertrauensvoll zusammenarbeiten. Zudem zeichnet sie sich durch Freundlichkeit und gro\u00dfe Flexibilit\u00e4t bei der L\u00f6sung von Problemen aus.[\/vc_column_text][vc_single_image media=&#8221;1141&#8243; media_width_use_pixel=&#8221;yes&#8221; media_width_pixel=&#8221;200&#8243;][\/vc_accordion_tab][vc_accordion_tab gutter_size=&#8221;2&#8243; column_padding=&#8221;2&#8243; title=&#8221;Julia Klotzke, V\u00f6gele Reisen AG&#8221; tab_id=&#8221;1652898683-2-661759400811510&#8243; slug=&#8221;Julia Klotzke&#8221;][vc_column_text css=&#8221;.vc_custom_1759739383230{margin-bottom: 18px !important;}&#8221;]The company V\u00f6gele Reisen has had a pleasant, open and communicative partnership with Caribbean Tours since 2009. As a specialist in group tours, V\u00f6gele Reisen shows Swiss guests the nostalgic and untouched beauty of Cuba several times a year. Working with Caribbean Tours is not only a matter close to my heart because of my love for Cuba, but also because of the always competent and reliable cooperation. Thanks for your trust. I look forward to more successful years with you. (Translated from the original German text)[\/vc_column_text][vc_single_image media=&#8221;1144&#8243; media_width_use_pixel=&#8221;yes&#8221; media_width_pixel=&#8221;200&#8243;][\/vc_accordion_tab][vc_accordion_tab gutter_size=&#8221;2&#8243; column_padding=&#8221;2&#8243; title=&#8221;Tatiana Bueno, Latitudes Viagens de Conhecimento&#8221; tab_id=&#8221;1652898683-2-661759400811510&#8243; slug=&#8221;Tatiana Bueno&#8221;][vc_column_text css=&#8221;.vc_custom_1759739803398{margin-bottom: 18px !important;}&#8221;]Caribbean Tours was presented to us for its representative in Brazil, Duo Network, in 2018. Since then, we have worked with Caribbean Tours as our provider for ground services in Cuba and we have stablished a very satisfactory partnership with them. They have provided high quality services for our FIT clients and groups, and their team has always assisted us quickly and efficiently. They provided our clients very reliable and professional services in loco and they returned our country very satisfied with their trips. Our team could always count on their expertise to create the best experiences for our clients and that give us confidence to work even more the destination.[\/vc_column_text][vc_single_image media=&#8221;1150&#8243; media_width_use_pixel=&#8221;yes&#8221; media_width_pixel=&#8221;200&#8243;][\/vc_accordion_tab][vc_accordion_tab gutter_size=&#8221;2&#8243; column_padding=&#8221;2&#8243; title=&#8221;Nicole Heldmann, Karawane Reisen GmbH &amp; Co. KG&#8221; tab_id=&#8221;1652898683-2-661759400811510&#8243; slug=&#8221;Nicole Heldmann&#8221;][vc_column_text css=&#8221;.vc_custom_1759739909361{margin-bottom: 18px !important;}&#8221;]Karawane Reisen GmbH &amp; Co. KG has been working with Caribbean Tours in Cuba since 2009. Caribbean Tours supports us with all land services such as accommodation, round trips, rental cars etc. In the past 13 years we have been able to carry out successful group tours in Cuba and make numerous individual customers happy. The Caribbean Tours employees are very reliable, respond quickly to inquiries and are always happy to help with the development of unusual itineraries. The cooperation has always been to our complete satisfaction and we look forward to further cooperation in the future. (Translated from the original German text)[\/vc_column_text][vc_single_image media=&#8221;1153&#8243; media_width_use_pixel=&#8221;yes&#8221; media_width_pixel=&#8221;200&#8243;][\/vc_accordion_tab][vc_accordion_tab gutter_size=&#8221;2&#8243; column_padding=&#8221;2&#8243; title=&#8221;Mareike Dohme, WORLD INSIGHT Erlebnisreisen GmbH&#8221; tab_id=&#8221;1652898683-2-661759400811510&#8243; slug=&#8221;Mareike Dohme&#8221;][vc_column_text css=&#8221;.vc_custom_1759740123285{margin-bottom: 18px !important;}&#8221;]With Caribbean Tours we have found the ideal partner for Cuba: They have a great network in Cuba, are very familiar with the country and are willing to take unusual paths and travel off the beaten track. Together we have built up a pool of very good tour guides, with whom Caribbean Tours maintains very good contacts. We also feel that we are in very good hands with our main contacts, Christian and Lisbany. (Translated from the original German text)[\/vc_column_text][vc_single_image media=&#8221;1141&#8243; media_width_use_pixel=&#8221;yes&#8221; media_width_pixel=&#8221;200&#8243;][\/vc_accordion_tab][vc_accordion_tab gutter_size=&#8221;2&#8243; column_padding=&#8221;2&#8243; title=&#8221;Natasha Flodin, The Travel Collection&#8221; tab_id=&#8221;1652898683-2-661759400811510&#8243; slug=&#8221;Natasha Flodin&#8221;][vc_column_text css=&#8221;.vc_custom_1759740210522{margin-bottom: 18px !important;}&#8221;]Saspo Tourism Services Limited has worked with Caribbean Tours since 2005 for the provision of ground services for our clients. During this time, we have developed an excellent commercial relationship with Caribbean Tours with groups in both the MICE sector and leisure sector. Through these years, Caribbean Tours has proved to be a professional company that complies with the standards of the travel industry. They are always reliable and straightforward to deal with as well as offering expert advice and superb creativity. Their performance has always been to our complete satisfaction.[\/vc_column_text][vc_single_image media=&#8221;1147&#8243; media_width_use_pixel=&#8221;yes&#8221; media_width_pixel=&#8221;200&#8243;][\/vc_accordion_tab][\/vc_accordion][vc_button button_color=&#8221;color-106015&#8243; size=&#8221;btn-lg&#8221; outline=&#8221;yes&#8221; custom_typo=&#8221;yes&#8221; font_family=&#8221;font-172781&#8243; font_weight=&#8221;400&#8243; text_transform=&#8221;uppercase&#8221; border_width=&#8221;0&#8243; link=&#8221;url:https%3A%2F%2Fwww.caribbeantours.ch%2Fes%2Fcomparta-su-testimonio%2F|title:Comparta%20su%20testimonio%20|target:_blank|&#8221;]Comparta su testimonio [\/vc_button][\/vc_column][\/vc_row]<\/p>\n","protected":false},"excerpt":{"rendered":"<p>[vc_row unlock_row_content=&#8221;yes&#8221; row_height_percent=&#8221;0&#8243; override_padding=&#8221;yes&#8221; h_padding=&#8221;2&#8243; top_padding=&#8221;2&#8243; bottom_padding=&#8221;3&#8243; overlay_alpha=&#8221;50&#8243; gutter_size=&#8221;3&#8243; column_width_percent=&#8221;100&#8243; shift_y=&#8221;0&#8243; z_index=&#8221;0&#8243; medium_visibility=&#8221;yes&#8221; mobile_visibility=&#8221;yes&#8221; el_class=&#8221;headline-section&#8221;][vc_column column_width_percent=&#8221;100&#8243; align_horizontal=&#8221;align_center&#8221; gutter_size=&#8221;3&#8243; overlay_alpha=&#8221;50&#8243; shift_x=&#8221;0&#8243; [&hellip;]<\/p>\n","protected":false},"author":1,"featured_media":0,"parent":15414,"menu_order":0,"comment_status":"closed","ping_status":"closed","template":"","meta":{"_monsterinsights_skip_tracking":false,"_monsterinsights_sitenote_active":false,"_monsterinsights_sitenote_note":"","_monsterinsights_sitenote_category":0,"footnotes":""},"class_list":["post-16923","page","type-page","status-publish","hentry"],"yoast_head":"<!-- This site is optimized with the Yoast SEO plugin v25.9 - https:\/\/yoast.com\/wordpress\/plugins\/seo\/ -->\n<title>Testimonios de Socios y Viajeros | Caribbean Tours<\/title>\n<meta name=\"description\" content=\"Descubre lo que socios y viajeros dicen sobre sus experiencias con Caribbean Tours. Lee testimonios aut\u00e9nticos que destacan nuestros gu\u00edas, actividades y experiencias de viaje sostenibles en Cuba, Rep\u00fablica Dominicana y M\u00e9xico.\" \/>\n<meta name=\"robots\" content=\"index, follow, max-snippet:-1, max-image-preview:large, max-video-preview:-1\" \/>\n<link rel=\"canonical\" href=\"https:\/\/www.caribbeantours.ch\/about-us\/testimonials\/\" \/>\n<meta property=\"og:locale\" content=\"es_ES\" \/>\n<meta property=\"og:type\" content=\"article\" \/>\n<meta property=\"og:title\" content=\"Testimonios de Socios y Viajeros | Caribbean Tours\" \/>\n<meta property=\"og:description\" content=\"Descubre lo que socios y viajeros dicen sobre sus experiencias con Caribbean Tours. Lee testimonios aut\u00e9nticos que destacan nuestros gu\u00edas, actividades y experiencias de viaje sostenibles en Cuba, Rep\u00fablica Dominicana y M\u00e9xico.\" \/>\n<meta property=\"og:url\" content=\"https:\/\/www.caribbeantours.ch\/about-us\/testimonials\/\" \/>\n<meta property=\"og:site_name\" content=\"Caribbean Tours\" \/>\n<meta property=\"article:publisher\" content=\"https:\/\/www.facebook.com\/caribbeantours.dmc\/\" \/>\n<meta property=\"article:modified_time\" content=\"2026-01-19T14:09:10+00:00\" \/>\n<meta name=\"twitter:card\" content=\"summary_large_image\" \/>\n<meta name=\"twitter:label1\" content=\"Est. reading time\" \/>\n\t<meta name=\"twitter:data1\" content=\"5 minutes\" \/>\n<script type=\"application\/ld+json\" class=\"yoast-schema-graph\">{\"@context\":\"https:\/\/schema.org\",\"@graph\":[{\"@type\":\"WebPage\",\"@id\":\"https:\/\/www.caribbeantours.ch\/about-us\/testimonials\/\",\"url\":\"https:\/\/www.caribbeantours.ch\/about-us\/testimonials\/\",\"name\":\"Testimonios de Socios y Viajeros | Caribbean Tours\",\"isPartOf\":{\"@id\":\"https:\/\/www.caribbeantours.ch\/#website\"},\"datePublished\":\"2025-10-06T08:44:25+00:00\",\"dateModified\":\"2026-01-19T14:09:10+00:00\",\"description\":\"Descubre lo que socios y viajeros dicen sobre sus experiencias con Caribbean Tours. Lee testimonios aut\u00e9nticos que destacan nuestros gu\u00edas, actividades y experiencias de viaje sostenibles en Cuba, Rep\u00fablica Dominicana y M\u00e9xico.\",\"breadcrumb\":{\"@id\":\"https:\/\/www.caribbeantours.ch\/about-us\/testimonials\/#breadcrumb\"},\"inLanguage\":\"es-ES\",\"potentialAction\":[{\"@type\":\"ReadAction\",\"target\":[\"https:\/\/www.caribbeantours.ch\/about-us\/testimonials\/\"]}]},{\"@type\":\"BreadcrumbList\",\"@id\":\"https:\/\/www.caribbeantours.ch\/about-us\/testimonials\/#breadcrumb\",\"itemListElement\":[{\"@type\":\"ListItem\",\"position\":1,\"name\":\"Home\",\"item\":\"https:\/\/www.caribbeantours.ch\/es\/\"},{\"@type\":\"ListItem\",\"position\":2,\"name\":\"La Empresa\",\"item\":\"https:\/\/www.caribbeantours.ch\/es\/empresa\/\"},{\"@type\":\"ListItem\",\"position\":3,\"name\":\"Testimonios\"}]},{\"@type\":\"WebSite\",\"@id\":\"https:\/\/www.caribbeantours.ch\/#website\",\"url\":\"https:\/\/www.caribbeantours.ch\/\",\"name\":\"Caribbean Tours\",\"description\":\"Caribbean Tours - Caribbean DMC\",\"publisher\":{\"@id\":\"https:\/\/www.caribbeantours.ch\/#organization\"},\"potentialAction\":[{\"@type\":\"SearchAction\",\"target\":{\"@type\":\"EntryPoint\",\"urlTemplate\":\"https:\/\/www.caribbeantours.ch\/?s={search_term_string}\"},\"query-input\":{\"@type\":\"PropertyValueSpecification\",\"valueRequired\":true,\"valueName\":\"search_term_string\"}}],\"inLanguage\":\"es-ES\"},{\"@type\":\"Organization\",\"@id\":\"https:\/\/www.caribbeantours.ch\/#organization\",\"name\":\"Caribbean Tours \u2013 DMC para Cuba y el Caribe\",\"url\":\"https:\/\/www.caribbeantours.ch\/\",\"logo\":{\"@type\":\"ImageObject\",\"inLanguage\":\"es-ES\",\"@id\":\"https:\/\/www.caribbeantours.ch\/#\/schema\/logo\/image\/\",\"url\":\"https:\/\/www.caribbeantours.ch\/wp-content\/uploads\/2022\/05\/caribbean-tours-logo.jpg\",\"contentUrl\":\"https:\/\/www.caribbeantours.ch\/wp-content\/uploads\/2022\/05\/caribbean-tours-logo.jpg\",\"width\":822,\"height\":582,\"caption\":\"Caribbean Tours \u2013 DMC para Cuba y el Caribe\"},\"image\":{\"@id\":\"https:\/\/www.caribbeantours.ch\/#\/schema\/logo\/image\/\"},\"sameAs\":[\"https:\/\/www.facebook.com\/caribbeantours.dmc\/\",\"https:\/\/www.linkedin.com\/company\/caribbeantoursag\/\",\"https:\/\/www.instagram.com\/caribbeantours.dmc\/\",\"https:\/\/www.youtube.com\/channel\/UCr_cJanATKlgxJM50AQToXw\"]}]}<\/script>\n<!-- \/ Yoast SEO plugin. -->","yoast_head_json":{"title":"Testimonios de Socios y Viajeros | Caribbean Tours","description":"Descubre lo que socios y viajeros dicen sobre sus experiencias con Caribbean Tours. Lee testimonios aut\u00e9nticos que destacan nuestros gu\u00edas, actividades y experiencias de viaje sostenibles en Cuba, Rep\u00fablica Dominicana y M\u00e9xico.","robots":{"index":"index","follow":"follow","max-snippet":"max-snippet:-1","max-image-preview":"max-image-preview:large","max-video-preview":"max-video-preview:-1"},"canonical":"https:\/\/www.caribbeantours.ch\/about-us\/testimonials\/","og_locale":"es_ES","og_type":"article","og_title":"Testimonios de Socios y Viajeros | Caribbean Tours","og_description":"Descubre lo que socios y viajeros dicen sobre sus experiencias con Caribbean Tours. Lee testimonios aut\u00e9nticos que destacan nuestros gu\u00edas, actividades y experiencias de viaje sostenibles en Cuba, Rep\u00fablica Dominicana y M\u00e9xico.","og_url":"https:\/\/www.caribbeantours.ch\/about-us\/testimonials\/","og_site_name":"Caribbean Tours","article_publisher":"https:\/\/www.facebook.com\/caribbeantours.dmc\/","article_modified_time":"2026-01-19T14:09:10+00:00","twitter_card":"summary_large_image","twitter_misc":{"Est. reading time":"5 minutes"},"schema":{"@context":"https:\/\/schema.org","@graph":[{"@type":"WebPage","@id":"https:\/\/www.caribbeantours.ch\/about-us\/testimonials\/","url":"https:\/\/www.caribbeantours.ch\/about-us\/testimonials\/","name":"Testimonios de Socios y Viajeros | Caribbean Tours","isPartOf":{"@id":"https:\/\/www.caribbeantours.ch\/#website"},"datePublished":"2025-10-06T08:44:25+00:00","dateModified":"2026-01-19T14:09:10+00:00","description":"Descubre lo que socios y viajeros dicen sobre sus experiencias con Caribbean Tours. Lee testimonios aut\u00e9nticos que destacan nuestros gu\u00edas, actividades y experiencias de viaje sostenibles en Cuba, Rep\u00fablica Dominicana y M\u00e9xico.","breadcrumb":{"@id":"https:\/\/www.caribbeantours.ch\/about-us\/testimonials\/#breadcrumb"},"inLanguage":"es-ES","potentialAction":[{"@type":"ReadAction","target":["https:\/\/www.caribbeantours.ch\/about-us\/testimonials\/"]}]},{"@type":"BreadcrumbList","@id":"https:\/\/www.caribbeantours.ch\/about-us\/testimonials\/#breadcrumb","itemListElement":[{"@type":"ListItem","position":1,"name":"Home","item":"https:\/\/www.caribbeantours.ch\/es\/"},{"@type":"ListItem","position":2,"name":"La Empresa","item":"https:\/\/www.caribbeantours.ch\/es\/empresa\/"},{"@type":"ListItem","position":3,"name":"Testimonios"}]},{"@type":"WebSite","@id":"https:\/\/www.caribbeantours.ch\/#website","url":"https:\/\/www.caribbeantours.ch\/","name":"Caribbean Tours","description":"Caribbean Tours - Caribbean DMC","publisher":{"@id":"https:\/\/www.caribbeantours.ch\/#organization"},"potentialAction":[{"@type":"SearchAction","target":{"@type":"EntryPoint","urlTemplate":"https:\/\/www.caribbeantours.ch\/?s={search_term_string}"},"query-input":{"@type":"PropertyValueSpecification","valueRequired":true,"valueName":"search_term_string"}}],"inLanguage":"es-ES"},{"@type":"Organization","@id":"https:\/\/www.caribbeantours.ch\/#organization","name":"Caribbean Tours \u2013 DMC para Cuba y el Caribe","url":"https:\/\/www.caribbeantours.ch\/","logo":{"@type":"ImageObject","inLanguage":"es-ES","@id":"https:\/\/www.caribbeantours.ch\/#\/schema\/logo\/image\/","url":"https:\/\/www.caribbeantours.ch\/wp-content\/uploads\/2022\/05\/caribbean-tours-logo.jpg","contentUrl":"https:\/\/www.caribbeantours.ch\/wp-content\/uploads\/2022\/05\/caribbean-tours-logo.jpg","width":822,"height":582,"caption":"Caribbean Tours \u2013 DMC para Cuba y el Caribe"},"image":{"@id":"https:\/\/www.caribbeantours.ch\/#\/schema\/logo\/image\/"},"sameAs":["https:\/\/www.facebook.com\/caribbeantours.dmc\/","https:\/\/www.linkedin.com\/company\/caribbeantoursag\/","https:\/\/www.instagram.com\/caribbeantours.dmc\/","https:\/\/www.youtube.com\/channel\/UCr_cJanATKlgxJM50AQToXw"]}]}},"_links":{"self":[{"href":"https:\/\/www.caribbeantours.ch\/es\/wp-json\/wp\/v2\/pages\/16923","targetHints":{"allow":["GET"]}}],"collection":[{"href":"https:\/\/www.caribbeantours.ch\/es\/wp-json\/wp\/v2\/pages"}],"about":[{"href":"https:\/\/www.caribbeantours.ch\/es\/wp-json\/wp\/v2\/types\/page"}],"author":[{"embeddable":true,"href":"https:\/\/www.caribbeantours.ch\/es\/wp-json\/wp\/v2\/users\/1"}],"replies":[{"embeddable":true,"href":"https:\/\/www.caribbeantours.ch\/es\/wp-json\/wp\/v2\/comments?post=16923"}],"version-history":[{"count":16,"href":"https:\/\/www.caribbeantours.ch\/es\/wp-json\/wp\/v2\/pages\/16923\/revisions"}],"predecessor-version":[{"id":18130,"href":"https:\/\/www.caribbeantours.ch\/es\/wp-json\/wp\/v2\/pages\/16923\/revisions\/18130"}],"up":[{"embeddable":true,"href":"https:\/\/www.caribbeantours.ch\/es\/wp-json\/wp\/v2\/pages\/15414"}],"wp:attachment":[{"href":"https:\/\/www.caribbeantours.ch\/es\/wp-json\/wp\/v2\/media?parent=16923"}],"curies":[{"name":"wp","href":"https:\/\/api.w.org\/{rel}","templated":true}]}}