{"id":3103,"date":"2022-01-27T16:25:49","date_gmt":"2022-01-27T16:25:49","guid":{"rendered":"http:\/\/www.caribbeantours.ch\/stellenangebote\/"},"modified":"2025-04-24T16:49:22","modified_gmt":"2025-04-24T16:49:22","slug":"stellenangebote","status":"publish","type":"page","link":"https:\/\/www.caribbeantours.ch\/de\/stellenangebote\/","title":{"rendered":"Stellenangebote"},"content":{"rendered":"<p>[vc_row unlock_row_content=&#8221;yes&#8221; row_height_percent=&#8221;0&#8243; override_padding=&#8221;yes&#8221; h_padding=&#8221;2&#8243; top_padding=&#8221;2&#8243; bottom_padding=&#8221;3&#8243; overlay_alpha=&#8221;50&#8243; gutter_size=&#8221;3&#8243; column_width_percent=&#8221;100&#8243; shift_y=&#8221;0&#8243; z_index=&#8221;0&#8243; medium_visibility=&#8221;yes&#8221; mobile_visibility=&#8221;yes&#8221; el_class=&#8221;headline-section&#8221;][vc_column column_width_percent=&#8221;100&#8243; align_horizontal=&#8221;align_center&#8221; gutter_size=&#8221;3&#8243; overlay_alpha=&#8221;50&#8243; shift_x=&#8221;0&#8243; shift_y=&#8221;0&#8243; shift_y_down=&#8221;0&#8243; z_index=&#8221;0&#8243; medium_width=&#8221;0&#8243; mobile_width=&#8221;0&#8243; width=&#8221;1\/1&#8243;][vc_custom_heading heading_semantic=&#8221;h1&#8243; text_size=&#8221;h1&#8243; text_weight=&#8221;900&#8243; css_animation=&#8221;curtain-words&#8221; el_class=&#8221;quad-bottom-padding&#8221;]<span class=\"heading-text-highlight \" data-atts='{\"bg\":\"style-color-771824-bg\",\"height\":\"10%\",\"offset\":\"0\",\"opacity\":\"0.75\",\"animated\":\"yes\"}'>Arbeitspl\u00e4tze<\/span><\/p>\n<div class=\"animated-subtitle\">Stellenangebote in der Karibik<\/div>\n<p>[\/vc_custom_heading][vc_wp_custommenu nav_menu=&#8221;8&#8243; nav_menu_horizontal=&#8221;1&#8243;][\/vc_column][\/vc_row][vc_row unlock_row_content=&#8221;yes&#8221; row_height_percent=&#8221;0&#8243; override_padding=&#8221;yes&#8221; h_padding=&#8221;0&#8243; top_padding=&#8221;3&#8243; bottom_padding=&#8221;5&#8243; overlay_alpha=&#8221;50&#8243; gutter_size=&#8221;3&#8243; column_width_percent=&#8221;100&#8243; shift_y=&#8221;0&#8243; z_index=&#8221;0&#8243; desktop_visibility=&#8221;yes&#8221; el_class=&#8221;headline-section&#8221;][vc_column column_width_percent=&#8221;100&#8243; align_horizontal=&#8221;align_center&#8221; gutter_size=&#8221;3&#8243; overlay_alpha=&#8221;50&#8243; shift_x=&#8221;0&#8243; shift_y=&#8221;0&#8243; shift_y_down=&#8221;0&#8243; z_index=&#8221;0&#8243; medium_width=&#8221;0&#8243; mobile_width=&#8221;0&#8243; width=&#8221;1\/1&#8243;][vc_custom_heading heading_semantic=&#8221;h1&#8243; text_size=&#8221;h1&#8243; text_weight=&#8221;900&#8243; css_animation=&#8221;curtain-words&#8221;]<span class=\"heading-text-highlight \" data-atts='{\"bg\":\"style-color-771824-bg\",\"height\":\"10%\",\"offset\":\"0\",\"opacity\":\"0.75\",\"animated\":\"yes\"}'>Arbeitspl\u00e4tze<\/span><\/p>\n<div class=\"animated-subtitle\">Stellenangebote in der Karibik<\/div>\n<p>[\/vc_custom_heading][\/vc_column][\/vc_row][vc_row unlock_row_content=&#8221;yes&#8221; row_height_percent=&#8221;0&#8243; override_padding=&#8221;yes&#8221; h_padding=&#8221;0&#8243; top_padding=&#8221;0&#8243; bottom_padding=&#8221;0&#8243; overlay_alpha=&#8221;50&#8243; gutter_size=&#8221;3&#8243; column_width_percent=&#8221;100&#8243; shift_y=&#8221;0&#8243; z_index=&#8221;0&#8243; el_class=&#8221;top-banner-section&#8221; front_end_with_slider=&#8221;true&#8221;][vc_column column_width_percent=&#8221;100&#8243; gutter_size=&#8221;3&#8243; override_padding=&#8221;yes&#8221; column_padding=&#8221;0&#8243; overlay_alpha=&#8221;50&#8243; shift_x=&#8221;0&#8243; shift_y=&#8221;0&#8243; shift_y_down=&#8221;0&#8243; z_index=&#8221;0&#8243; medium_width=&#8221;0&#8243; mobile_width=&#8221;0&#8243; width=&#8221;1\/1&#8243;][uncode_slider slider_interval=&#8221;3000&#8243; slider_navspeed=&#8221;400&#8243; slider_loop=&#8221;yes&#8221; slider_hide_dots=&#8221;yes&#8221;][vc_row_inner row_inner_height_percent=&#8221;100&#8243; overlay_alpha=&#8221;50&#8243; gutter_size=&#8221;3&#8243; shift_y=&#8221;0&#8243; z_index=&#8221;0&#8243; limit_content=&#8221;&#8221; front_end_with_slider=&#8221;true&#8221;][vc_column_inner column_width_percent=&#8221;100&#8243; gutter_size=&#8221;3&#8243; overlay_alpha=&#8221;50&#8243; shift_x=&#8221;0&#8243; shift_y=&#8221;0&#8243; shift_y_down=&#8221;0&#8243; z_index=&#8221;0&#8243; medium_width=&#8221;0&#8243; mobile_width=&#8221;0&#8243; width=&#8221;1\/1&#8243;][vc_single_image media=&#8221;3099&#8243; media_width_percent=&#8221;100&#8243;][\/vc_column_inner][\/vc_row_inner][\/uncode_slider][vc_row_inner row_inner_height_percent=&#8221;0&#8243; overlay_alpha=&#8221;50&#8243; gutter_size=&#8221;3&#8243; shift_y=&#8221;0&#8243; z_index=&#8221;0&#8243; el_class=&#8221;contact-box-section&#8221; limit_content=&#8221;&#8221;][vc_column_inner column_width_use_pixel=&#8221;yes&#8221; gutter_size=&#8221;3&#8243; overlay_alpha=&#8221;50&#8243; shift_x=&#8221;0&#8243; shift_y=&#8221;0&#8243; shift_y_down=&#8221;0&#8243; z_index=&#8221;0&#8243; medium_width=&#8221;0&#8243; mobile_width=&#8221;0&#8243; width=&#8221;5\/12&#8243; column_width_pixel=&#8221;816&#8243;][vc_single_image media=&#8221;8943&#8243; media_width_use_pixel=&#8221;yes&#8221; alignment=&#8221;right&#8221; media_width_pixel=&#8221;318&#8243;][\/vc_column_inner][vc_column_inner column_width_percent=&#8221;100&#8243; gutter_size=&#8221;3&#8243; back_color=&#8221;color-467313&#8243; overlay_alpha=&#8221;50&#8243; shift_x=&#8221;0&#8243; shift_y=&#8221;0&#8243; shift_y_down=&#8221;0&#8243; z_index=&#8221;0&#8243; medium_width=&#8221;0&#8243; mobile_width=&#8221;0&#8243; width=&#8221;7\/12&#8243;][vc_custom_heading heading_semantic=&#8221;h1&#8243; text_size=&#8221;h1&#8243; text_weight=&#8221;900&#8243; text_transform=&#8221;uppercase&#8221; text_color=&#8221;color-xsdn&#8221;]Reden sie mit<br \/>\nunserem expertenteam[\/vc_custom_heading][vc_custom_heading heading_semantic=&#8221;h3&#8243; text_size=&#8221;h3&#8243; text_weight=&#8221;900&#8243; text_transform=&#8221;capitalize&#8221; text_height=&#8221;fontheight-150564&#8243; subheading=&#8221;CEO Advisor &amp; People Mgmt.&#8221;]Janice Curbelo[\/vc_custom_heading][vc_column_text]+53 78344251<br \/>\njanice.curbelo@caribbeantours.ch[\/vc_column_text][\/vc_column_inner][\/vc_row_inner][\/vc_column][\/vc_row][vc_row row_height_percent=&#8221;0&#8243; override_padding=&#8221;yes&#8221; h_padding=&#8221;0&#8243; top_padding=&#8221;7&#8243; bottom_padding=&#8221;4&#8243; overlay_alpha=&#8221;50&#8243; gutter_size=&#8221;3&#8243; column_width_percent=&#8221;100&#8243; shift_y=&#8221;0&#8243; z_index=&#8221;0&#8243; el_class=&#8221;accordion-section&#8221;][vc_column column_width_use_pixel=&#8221;yes&#8221; gutter_size=&#8221;3&#8243; overlay_alpha=&#8221;50&#8243; shift_x=&#8221;0&#8243; shift_y=&#8221;0&#8243; shift_y_down=&#8221;0&#8243; z_index=&#8221;0&#8243; medium_width=&#8221;0&#8243; mobile_width=&#8221;0&#8243; width=&#8221;1\/1&#8243; column_width_pixel=&#8221;1030&#8243;][vc_custom_heading text_size=&#8221;fontsize-102324&#8243; text_weight=&#8221;900&#8243;]Aktuelle <span class=\"heading-text-highlight \" data-atts='{\"bg\":\"style-color-771824-bg\",\"height\":\"10%\",\"offset\":\"0\",\"opacity\":\"0.75\",\"animated\":\"yes\"}'>Vakanzen<\/span>[\/vc_custom_heading][vc_column_text]Leben und Arbeiten in der Karibik! Als einer der f\u00fchrenden Incoming-Agenturen \/ DMCs mit B\u00fcros in Havanna und Santo Domingo suchen wir derzeit motivierte Mitarbeiter zur Verst\u00e4rkung unseres internationalen Teams. Hier finden Sie eine \u00dcbersicht unserer aktuellen Stellenangebote in der Karibik. Gerne k\u00f6nnen Sie sich jederzeit initiativ bei uns bewerben. Ihre Initiativbewerbung senden Sie per <a href=\"mailto:jobs.cu@caribbeantours.ch\">E-Mail<\/a> an Frau Michaela St\u00f6ber.[\/vc_column_text][vc_custom_heading text_weight=&#8221;900&#8243;]Caribbean Tours KUBA[\/vc_custom_heading][vc_column_text]Zur Zeit haben wir keine Vakanzen.[\/vc_column_text][vc_custom_heading text_weight=&#8221;900&#8243;]Caribbean Tours DOMINIKANISCHE REPUBLIK[\/vc_custom_heading][vc_accordion][vc_accordion_tab gutter_size=&#8221;2&#8243; column_padding=&#8221;2&#8243; title=&#8221;Reisedesigner \u2013 franz\u00f6sischer Muttersprachler oder mit sehr guten Kenntnissen der franz\u00f6sischen Sprache.&#8221; tab_id=&#8221;1725378352-1-78&#8243;][vc_column_text]F\u00fcr unser Vertriebsteam im B\u00fcro in Santo Domingo suchen wir ein Verkaufstalent mit Franz\u00f6sisch als Muttersprache oder mit sehr guten Franz\u00f6sischkenntnissen. Zu Ihren Hauptaufgaben geh\u00f6ren:[\/vc_column_text][uncode_list icon=&#8221;fa fa-chevron-right&#8221; icon_color=&#8221;color-106015&#8243;]<\/p>\n<ul>\n<li>Hauptverantwortlicher f\u00fcr alle Reiseanfragen auf der Evaneos-Plattform.<\/li>\n<li>Entwicklung und Verkauf ma\u00dfgeschneiderter Rundreisen abseits des Massentourismus in der Dominikanischen Republik.<\/li>\n<li>Bieten Sie Kundenservice per E-Mail und Telefon und sorgen Sie f\u00fcr eine einwandfreie und zeitnahe Kommunikation auf Franz\u00f6sisch.<\/li>\n<li>Angebotserstellung, Ausarbeitung und Kalkulation individueller ma\u00dfgeschneiderter Reisen auf Franz\u00f6sisch.<\/li>\n<li>Gew\u00e4hrleistung des ordnungsgem\u00e4\u00dfen Funktionierens der am Zielort gebuchten Dienstleistungen, einschlie\u00dflich Hotelreservierungen und anderer Dienstleistungen.<\/li>\n<li>Erstellung von Reisedokumenten.<\/li>\n<li>Durchf\u00fchrung von Briefings f\u00fcr Reiseleiter und Kunden<\/li>\n<\/ul>\n<p>[\/uncode_list][vc_column_text css=&#8221;.vc_custom_1725382916907{padding-top: 10px !important;}&#8221;]<a href=\"https:\/\/www.caribbeantours.ch\/wp-content\/uploads\/2024\/09\/Caribbean-Tours-Dominican-Republic-is-Hiring-Travel-Designer-FR-ES.pdf\" target=\"_blank\" rel=\"noopener\"><u>Laden Sie das Stellenangebot herunter<\/u><\/a>, um weitere Informationen zu erhalten.[\/vc_column_text][\/vc_accordion_tab][\/vc_accordion][vc_custom_heading text_weight=&#8221;900&#8243;]Caribbean Tours MEXIKO[\/vc_custom_heading][vc_column_text]Zur Zeit haben wir keine Vakanzen.[\/vc_column_text][\/vc_column][\/vc_row][vc_row row_height_percent=&#8221;0&#8243; override_padding=&#8221;yes&#8221; h_padding=&#8221;2&#8243; top_padding=&#8221;4&#8243; bottom_padding=&#8221;7&#8243; overlay_alpha=&#8221;100&#8243; gutter_size=&#8221;100&#8243; column_width_percent=&#8221;100&#8243; shift_y=&#8221;0&#8243; z_index=&#8221;0&#8243; style=&#8221;inherited&#8221; el_class=&#8221;cant-find-section&#8221;][vc_column column_width_percent=&#8221;100&#8243; position_vertical=&#8221;middle&#8221; align_horizontal=&#8221;align_center&#8221; gutter_size=&#8221;3&#8243; override_padding=&#8221;yes&#8221; column_padding=&#8221;0&#8243; overlay_alpha=&#8221;100&#8243; shift_x=&#8221;0&#8243; shift_y=&#8221;0&#8243; shift_y_down=&#8221;0&#8243; z_index=&#8221;0&#8243; medium_width=&#8221;0&#8243; mobile_width=&#8221;0&#8243; zoom_width=&#8221;0&#8243; zoom_height=&#8221;0&#8243; width=&#8221;1\/1&#8243;][vc_row_inner row_inner_height_percent=&#8221;0&#8243; overlay_alpha=&#8221;50&#8243; gutter_size=&#8221;3&#8243; shift_y=&#8221;0&#8243; z_index=&#8221;0&#8243; el_class=&#8221;cant-find-section&#8221; limit_content=&#8221;&#8221;][vc_column_inner column_width_percent=&#8221;100&#8243; align_horizontal=&#8221;align_right&#8221; gutter_size=&#8221;3&#8243; overlay_alpha=&#8221;50&#8243; shift_x=&#8221;0&#8243; shift_y=&#8221;0&#8243; shift_y_down=&#8221;0&#8243; z_index=&#8221;0&#8243; medium_width=&#8221;0&#8243; mobile_width=&#8221;0&#8243; width=&#8221;1\/2&#8243;][vc_custom_heading heading_semantic=&#8221;h1&#8243; text_font=&#8221;font-144238&#8243; text_size=&#8221;h1&#8243; text_weight=&#8221;900&#8243; text_transform=&#8221;uppercase&#8221; css_animation=&#8221;curtain-words&#8221; el_class=&#8221;font-size-en-80 font-size-de-80 font-size-es-80&#8243;]NICHT DAS<br \/>\nRICHTIGE<br \/>\n<span class=\"heading-text-highlight \" data-atts='{\"bg\":\"style-color-771824-bg\",\"height\":\"10%\",\"offset\":\"0\",\"opacity\":\"0.75\",\"animated\":\"yes\"}'>GEFUNDEN?<\/span>[\/vc_custom_heading][\/vc_column_inner][vc_column_inner column_width_percent=&#8221;100&#8243; gutter_size=&#8221;3&#8243; font_family=&#8221;font-172781&#8243; overlay_alpha=&#8221;50&#8243; shift_x=&#8221;0&#8243; shift_y=&#8221;0&#8243; shift_y_down=&#8221;0&#8243; z_index=&#8221;0&#8243; medium_width=&#8221;0&#8243; mobile_width=&#8221;0&#8243; width=&#8221;1\/2&#8243;][vc_column_text text_lead=&#8221;yes&#8221;]<strong>KEINE SORGE<\/strong><\/p>\n<p>Rufen Sie uns unter <strong>+1 646 558 3644<\/strong> an,<br \/>\noder lassen Sie uns <strong><a href=\"\/de\/kontakt\/\">hier<\/a><\/strong> wissen,<br \/>\nwas Sie suchen.<\/p>\n<p>Wir werden Ihnen in<br \/>\nK\u00fcrze antworten.[\/vc_column_text][\/vc_column_inner][\/vc_row_inner][\/vc_column][\/vc_row]<\/p>\n","protected":false},"excerpt":{"rendered":"<p>[vc_row unlock_row_content=&#8221;yes&#8221; row_height_percent=&#8221;0&#8243; override_padding=&#8221;yes&#8221; h_padding=&#8221;2&#8243; top_padding=&#8221;2&#8243; bottom_padding=&#8221;3&#8243; overlay_alpha=&#8221;50&#8243; gutter_size=&#8221;3&#8243; column_width_percent=&#8221;100&#8243; shift_y=&#8221;0&#8243; z_index=&#8221;0&#8243; medium_visibility=&#8221;yes&#8221; mobile_visibility=&#8221;yes&#8221; el_class=&#8221;headline-section&#8221;][vc_column column_width_percent=&#8221;100&#8243; align_horizontal=&#8221;align_center&#8221; gutter_size=&#8221;3&#8243; overlay_alpha=&#8221;50&#8243; shift_x=&#8221;0&#8243; [&hellip;]<\/p>\n","protected":false},"author":1,"featured_media":0,"parent":0,"menu_order":0,"comment_status":"closed","ping_status":"closed","template":"","meta":{"_monsterinsights_skip_tracking":false,"_monsterinsights_sitenote_active":false,"_monsterinsights_sitenote_note":"","_monsterinsights_sitenote_category":0,"footnotes":""},"class_list":["post-3103","page","type-page","status-publish","hentry","page_category-unteres-menue"],"yoast_head":"<!-- This site is optimized with the Yoast SEO plugin v25.9 - https:\/\/yoast.com\/wordpress\/plugins\/seo\/ -->\n<title>Caribbean Tours AG \u2013 Stellenangebote<\/title>\n<meta name=\"description\" content=\"Auf unseren Seiten finden Sie Stellenangebote f\u00fcr Caribbean Tours. Als DMC mit B\u00fcros in Havanna und Santo Domingo sind wir immer auf der Suche nach motivierten Mitarbeitern zur Verst\u00e4rkung unseres internationalen Teams.\" \/>\n<meta name=\"robots\" content=\"index, follow, max-snippet:-1, max-image-preview:large, max-video-preview:-1\" \/>\n<link rel=\"canonical\" href=\"https:\/\/www.caribbeantours.ch\/jobs\/\" \/>\n<meta property=\"og:locale\" content=\"de_DE\" \/>\n<meta property=\"og:type\" content=\"article\" \/>\n<meta property=\"og:title\" content=\"Caribbean Tours AG \u2013 Stellenangebote\" \/>\n<meta property=\"og:description\" content=\"Auf unseren Seiten finden Sie Stellenangebote f\u00fcr Caribbean Tours. Als DMC mit B\u00fcros in Havanna und Santo Domingo sind wir immer auf der Suche nach motivierten Mitarbeitern zur Verst\u00e4rkung unseres internationalen Teams.\" \/>\n<meta property=\"og:url\" content=\"https:\/\/www.caribbeantours.ch\/jobs\/\" \/>\n<meta property=\"og:site_name\" content=\"Caribbean Tours\" \/>\n<meta property=\"article:publisher\" content=\"https:\/\/www.facebook.com\/caribbeantours.dmc\/\" \/>\n<meta property=\"article:modified_time\" content=\"2025-04-24T16:49:22+00:00\" \/>\n<meta name=\"twitter:card\" content=\"summary_large_image\" \/>\n<meta name=\"twitter:label1\" content=\"Est. reading time\" \/>\n\t<meta name=\"twitter:data1\" content=\"4 minutes\" \/>\n<script type=\"application\/ld+json\" class=\"yoast-schema-graph\">{\"@context\":\"https:\/\/schema.org\",\"@graph\":[{\"@type\":\"WebPage\",\"@id\":\"https:\/\/www.caribbeantours.ch\/jobs\/\",\"url\":\"https:\/\/www.caribbeantours.ch\/jobs\/\",\"name\":\"Caribbean Tours AG \u2013 Stellenangebote\",\"isPartOf\":{\"@id\":\"https:\/\/www.caribbeantours.ch\/#website\"},\"datePublished\":\"2022-01-27T16:25:49+00:00\",\"dateModified\":\"2025-04-24T16:49:22+00:00\",\"description\":\"Auf unseren Seiten finden Sie Stellenangebote f\u00fcr Caribbean Tours. Als DMC mit B\u00fcros in Havanna und Santo Domingo sind wir immer auf der Suche nach motivierten Mitarbeitern zur Verst\u00e4rkung unseres internationalen Teams.\",\"breadcrumb\":{\"@id\":\"https:\/\/www.caribbeantours.ch\/jobs\/#breadcrumb\"},\"inLanguage\":\"de-DE\",\"potentialAction\":[{\"@type\":\"ReadAction\",\"target\":[\"https:\/\/www.caribbeantours.ch\/jobs\/\"]}]},{\"@type\":\"BreadcrumbList\",\"@id\":\"https:\/\/www.caribbeantours.ch\/jobs\/#breadcrumb\",\"itemListElement\":[{\"@type\":\"ListItem\",\"position\":1,\"name\":\"Home\",\"item\":\"https:\/\/www.caribbeantours.ch\/de\/\"},{\"@type\":\"ListItem\",\"position\":2,\"name\":\"Stellenangebote\"}]},{\"@type\":\"WebSite\",\"@id\":\"https:\/\/www.caribbeantours.ch\/#website\",\"url\":\"https:\/\/www.caribbeantours.ch\/\",\"name\":\"Caribbean Tours\",\"description\":\"Caribbean Tours - Caribbean DMC\",\"publisher\":{\"@id\":\"https:\/\/www.caribbeantours.ch\/#organization\"},\"potentialAction\":[{\"@type\":\"SearchAction\",\"target\":{\"@type\":\"EntryPoint\",\"urlTemplate\":\"https:\/\/www.caribbeantours.ch\/?s={search_term_string}\"},\"query-input\":{\"@type\":\"PropertyValueSpecification\",\"valueRequired\":true,\"valueName\":\"search_term_string\"}}],\"inLanguage\":\"de-DE\"},{\"@type\":\"Organization\",\"@id\":\"https:\/\/www.caribbeantours.ch\/#organization\",\"name\":\"Caribbean Tours \u2013 DMC para Cuba y el Caribe\",\"url\":\"https:\/\/www.caribbeantours.ch\/\",\"logo\":{\"@type\":\"ImageObject\",\"inLanguage\":\"de-DE\",\"@id\":\"https:\/\/www.caribbeantours.ch\/#\/schema\/logo\/image\/\",\"url\":\"https:\/\/www.caribbeantours.ch\/wp-content\/uploads\/2022\/05\/caribbean-tours-logo.jpg\",\"contentUrl\":\"https:\/\/www.caribbeantours.ch\/wp-content\/uploads\/2022\/05\/caribbean-tours-logo.jpg\",\"width\":822,\"height\":582,\"caption\":\"Caribbean Tours \u2013 DMC para Cuba y el Caribe\"},\"image\":{\"@id\":\"https:\/\/www.caribbeantours.ch\/#\/schema\/logo\/image\/\"},\"sameAs\":[\"https:\/\/www.facebook.com\/caribbeantours.dmc\/\",\"https:\/\/www.linkedin.com\/company\/caribbeantoursag\/\",\"https:\/\/www.instagram.com\/caribbeantours.dmc\/\",\"https:\/\/www.youtube.com\/channel\/UCr_cJanATKlgxJM50AQToXw\"]}]}<\/script>\n<!-- \/ Yoast SEO plugin. -->","yoast_head_json":{"title":"Caribbean Tours AG \u2013 Stellenangebote","description":"Auf unseren Seiten finden Sie Stellenangebote f\u00fcr Caribbean Tours. Als DMC mit B\u00fcros in Havanna und Santo Domingo sind wir immer auf der Suche nach motivierten Mitarbeitern zur Verst\u00e4rkung unseres internationalen Teams.","robots":{"index":"index","follow":"follow","max-snippet":"max-snippet:-1","max-image-preview":"max-image-preview:large","max-video-preview":"max-video-preview:-1"},"canonical":"https:\/\/www.caribbeantours.ch\/jobs\/","og_locale":"de_DE","og_type":"article","og_title":"Caribbean Tours AG \u2013 Stellenangebote","og_description":"Auf unseren Seiten finden Sie Stellenangebote f\u00fcr Caribbean Tours. Als DMC mit B\u00fcros in Havanna und Santo Domingo sind wir immer auf der Suche nach motivierten Mitarbeitern zur Verst\u00e4rkung unseres internationalen Teams.","og_url":"https:\/\/www.caribbeantours.ch\/jobs\/","og_site_name":"Caribbean Tours","article_publisher":"https:\/\/www.facebook.com\/caribbeantours.dmc\/","article_modified_time":"2025-04-24T16:49:22+00:00","twitter_card":"summary_large_image","twitter_misc":{"Est. reading time":"4 minutes"},"schema":{"@context":"https:\/\/schema.org","@graph":[{"@type":"WebPage","@id":"https:\/\/www.caribbeantours.ch\/jobs\/","url":"https:\/\/www.caribbeantours.ch\/jobs\/","name":"Caribbean Tours AG \u2013 Stellenangebote","isPartOf":{"@id":"https:\/\/www.caribbeantours.ch\/#website"},"datePublished":"2022-01-27T16:25:49+00:00","dateModified":"2025-04-24T16:49:22+00:00","description":"Auf unseren Seiten finden Sie Stellenangebote f\u00fcr Caribbean Tours. Als DMC mit B\u00fcros in Havanna und Santo Domingo sind wir immer auf der Suche nach motivierten Mitarbeitern zur Verst\u00e4rkung unseres internationalen Teams.","breadcrumb":{"@id":"https:\/\/www.caribbeantours.ch\/jobs\/#breadcrumb"},"inLanguage":"de-DE","potentialAction":[{"@type":"ReadAction","target":["https:\/\/www.caribbeantours.ch\/jobs\/"]}]},{"@type":"BreadcrumbList","@id":"https:\/\/www.caribbeantours.ch\/jobs\/#breadcrumb","itemListElement":[{"@type":"ListItem","position":1,"name":"Home","item":"https:\/\/www.caribbeantours.ch\/de\/"},{"@type":"ListItem","position":2,"name":"Stellenangebote"}]},{"@type":"WebSite","@id":"https:\/\/www.caribbeantours.ch\/#website","url":"https:\/\/www.caribbeantours.ch\/","name":"Caribbean Tours","description":"Caribbean Tours - Caribbean DMC","publisher":{"@id":"https:\/\/www.caribbeantours.ch\/#organization"},"potentialAction":[{"@type":"SearchAction","target":{"@type":"EntryPoint","urlTemplate":"https:\/\/www.caribbeantours.ch\/?s={search_term_string}"},"query-input":{"@type":"PropertyValueSpecification","valueRequired":true,"valueName":"search_term_string"}}],"inLanguage":"de-DE"},{"@type":"Organization","@id":"https:\/\/www.caribbeantours.ch\/#organization","name":"Caribbean Tours \u2013 DMC para Cuba y el Caribe","url":"https:\/\/www.caribbeantours.ch\/","logo":{"@type":"ImageObject","inLanguage":"de-DE","@id":"https:\/\/www.caribbeantours.ch\/#\/schema\/logo\/image\/","url":"https:\/\/www.caribbeantours.ch\/wp-content\/uploads\/2022\/05\/caribbean-tours-logo.jpg","contentUrl":"https:\/\/www.caribbeantours.ch\/wp-content\/uploads\/2022\/05\/caribbean-tours-logo.jpg","width":822,"height":582,"caption":"Caribbean Tours \u2013 DMC para Cuba y el Caribe"},"image":{"@id":"https:\/\/www.caribbeantours.ch\/#\/schema\/logo\/image\/"},"sameAs":["https:\/\/www.facebook.com\/caribbeantours.dmc\/","https:\/\/www.linkedin.com\/company\/caribbeantoursag\/","https:\/\/www.instagram.com\/caribbeantours.dmc\/","https:\/\/www.youtube.com\/channel\/UCr_cJanATKlgxJM50AQToXw"]}]}},"_links":{"self":[{"href":"https:\/\/www.caribbeantours.ch\/de\/wp-json\/wp\/v2\/pages\/3103","targetHints":{"allow":["GET"]}}],"collection":[{"href":"https:\/\/www.caribbeantours.ch\/de\/wp-json\/wp\/v2\/pages"}],"about":[{"href":"https:\/\/www.caribbeantours.ch\/de\/wp-json\/wp\/v2\/types\/page"}],"author":[{"embeddable":true,"href":"https:\/\/www.caribbeantours.ch\/de\/wp-json\/wp\/v2\/users\/1"}],"replies":[{"embeddable":true,"href":"https:\/\/www.caribbeantours.ch\/de\/wp-json\/wp\/v2\/comments?post=3103"}],"version-history":[{"count":31,"href":"https:\/\/www.caribbeantours.ch\/de\/wp-json\/wp\/v2\/pages\/3103\/revisions"}],"predecessor-version":[{"id":15713,"href":"https:\/\/www.caribbeantours.ch\/de\/wp-json\/wp\/v2\/pages\/3103\/revisions\/15713"}],"wp:attachment":[{"href":"https:\/\/www.caribbeantours.ch\/de\/wp-json\/wp\/v2\/media?parent=3103"}],"curies":[{"name":"wp","href":"https:\/\/api.w.org\/{rel}","templated":true}]}}