{"id":16198,"date":"2025-06-19T15:02:54","date_gmt":"2025-06-19T15:02:54","guid":{"rendered":"https:\/\/www.caribbeantours.ch\/?page_id=16198"},"modified":"2025-10-30T07:18:33","modified_gmt":"2025-10-30T07:18:33","slug":"teilen-sie-ihr-testimonial","status":"publish","type":"page","link":"https:\/\/www.caribbeantours.ch\/de\/teilen-sie-ihr-testimonial\/","title":{"rendered":"Teilen Sie Ihr Zeugnis"},"content":{"rendered":"<p>[vc_row unlock_row_content=&#8221;yes&#8221; row_height_percent=&#8221;0&#8243; override_padding=&#8221;yes&#8221; h_padding=&#8221;2&#8243; top_padding=&#8221;2&#8243; bottom_padding=&#8221;3&#8243; overlay_alpha=&#8221;50&#8243; gutter_size=&#8221;3&#8243; column_width_percent=&#8221;100&#8243; shift_y=&#8221;0&#8243; z_index=&#8221;0&#8243; medium_visibility=&#8221;yes&#8221; mobile_visibility=&#8221;yes&#8221; el_class=&#8221;headline-section&#8221;][vc_column column_width_percent=&#8221;100&#8243; align_horizontal=&#8221;align_center&#8221; gutter_size=&#8221;3&#8243; overlay_alpha=&#8221;50&#8243; shift_x=&#8221;0&#8243; shift_y=&#8221;0&#8243; shift_y_down=&#8221;0&#8243; z_index=&#8221;0&#8243; medium_width=&#8221;0&#8243; mobile_width=&#8221;0&#8243; width=&#8221;1\/1&#8243;][vc_custom_heading heading_semantic=&#8221;h1&#8243; text_size=&#8221;h1&#8243; text_weight=&#8221;900&#8243; css_animation=&#8221;curtain-words&#8221; el_class=&#8221;quad-bottom-padding&#8221;]<span class=\"heading-text-highlight \" data-atts='{\"bg\":\"style-color-771824-bg\",\"height\":\"10%\",\"offset\":\"0\",\"opacity\":\"0.75\",\"animated\":\"yes\"}'>Teilen Sie Ihr Testimonial<\/span><\/p>\n<div class=\"animated-subtitle\">Ihre Meinung zur Zusammenarbeit mit Caribbean Tours<\/div>\n<p>[\/vc_custom_heading][vc_wp_custommenu nav_menu=&#8221;8&#8243; nav_menu_horizontal=&#8221;1&#8243;][\/vc_column][\/vc_row][vc_row unlock_row_content=&#8221;yes&#8221; row_height_percent=&#8221;0&#8243; override_padding=&#8221;yes&#8221; h_padding=&#8221;0&#8243; top_padding=&#8221;2&#8243; bottom_padding=&#8221;3&#8243; overlay_alpha=&#8221;50&#8243; gutter_size=&#8221;3&#8243; column_width_percent=&#8221;100&#8243; shift_y=&#8221;0&#8243; z_index=&#8221;0&#8243; desktop_visibility=&#8221;yes&#8221; el_class=&#8221;headline-section&#8221;][vc_column column_width_percent=&#8221;100&#8243; align_horizontal=&#8221;align_center&#8221; gutter_size=&#8221;3&#8243; overlay_alpha=&#8221;50&#8243; shift_x=&#8221;0&#8243; shift_y=&#8221;0&#8243; shift_y_down=&#8221;0&#8243; z_index=&#8221;0&#8243; medium_width=&#8221;0&#8243; mobile_width=&#8221;0&#8243; width=&#8221;1\/1&#8243;][vc_custom_heading heading_semantic=&#8221;h1&#8243; text_size=&#8221;h1&#8243; text_weight=&#8221;900&#8243; css_animation=&#8221;curtain-words&#8221;]<span class=\"heading-text-highlight \" data-atts='{\"bg\":\"style-color-771824-bg\",\"height\":\"10%\",\"offset\":\"0\",\"opacity\":\"0.75\",\"animated\":\"yes\"}'>Teilen Sie Ihr Testimonial<\/span><\/p>\n<div class=\"animated-subtitle\">Ihre Meinung zur Zusammenarbeit mit Caribbean Tours<\/div>\n<p>[\/vc_custom_heading][\/vc_column][\/vc_row][vc_row unlock_row_content=&#8221;yes&#8221; row_height_percent=&#8221;0&#8243; override_padding=&#8221;yes&#8221; h_padding=&#8221;0&#8243; top_padding=&#8221;0&#8243; bottom_padding=&#8221;0&#8243; overlay_alpha=&#8221;50&#8243; gutter_size=&#8221;3&#8243; column_width_percent=&#8221;100&#8243; shift_y=&#8221;0&#8243; z_index=&#8221;0&#8243; el_class=&#8221;top-banner-section&#8221; front_end_with_slider=&#8221;true&#8221;][vc_column column_width_percent=&#8221;100&#8243; gutter_size=&#8221;3&#8243; override_padding=&#8221;yes&#8221; column_padding=&#8221;0&#8243; overlay_alpha=&#8221;50&#8243; shift_x=&#8221;0&#8243; shift_y=&#8221;0&#8243; shift_y_down=&#8221;0&#8243; z_index=&#8221;0&#8243; medium_width=&#8221;0&#8243; mobile_width=&#8221;0&#8243; width=&#8221;1\/1&#8243;][uncode_slider slider_interval=&#8221;3000&#8243; slider_navspeed=&#8221;400&#8243; slider_loop=&#8221;yes&#8221; slider_hide_dots=&#8221;yes&#8221; el_id=&#8221;contact-banner&#8221;][vc_row_inner row_inner_height_percent=&#8221;100&#8243; overlay_alpha=&#8221;50&#8243; gutter_size=&#8221;3&#8243; shift_y=&#8221;0&#8243; z_index=&#8221;0&#8243; limit_content=&#8221;&#8221; front_end_with_slider=&#8221;true&#8221;][vc_column_inner column_width_percent=&#8221;100&#8243; gutter_size=&#8221;3&#8243; overlay_alpha=&#8221;50&#8243; shift_x=&#8221;0&#8243; shift_y=&#8221;0&#8243; shift_y_down=&#8221;0&#8243; z_index=&#8221;0&#8243; medium_width=&#8221;0&#8243; mobile_width=&#8221;0&#8243; width=&#8221;1\/1&#8243;][vc_single_image media=&#8221;3902&#8243; media_width_percent=&#8221;100&#8243;][\/vc_column_inner][\/vc_row_inner][\/uncode_slider][\/vc_column][\/vc_row][vc_row unlock_row_content=&#8221;yes&#8221; row_height_percent=&#8221;0&#8243; override_padding=&#8221;yes&#8221; h_padding=&#8221;0&#8243; top_padding=&#8221;7&#8243; bottom_padding=&#8221;4&#8243; overlay_alpha=&#8221;50&#8243; gutter_size=&#8221;3&#8243; column_width_percent=&#8221;100&#8243; shift_y=&#8221;0&#8243; z_index=&#8221;0&#8243; el_class=&#8221;intro-section&#8221;][vc_column column_width_use_pixel=&#8221;yes&#8221; gutter_size=&#8221;3&#8243; overlay_alpha=&#8221;50&#8243; shift_x=&#8221;0&#8243; shift_y=&#8221;0&#8243; shift_y_down=&#8221;0&#8243; z_index=&#8221;0&#8243; medium_width=&#8221;0&#8243; mobile_width=&#8221;0&#8243; width=&#8221;1\/1&#8243;][vc_custom_heading text_size=&#8221;fontsize-102324&#8243; text_weight=&#8221;900&#8243;]<span class=\"heading-text-highlight \" data-atts='{\"bg\":\"style-color-771824-bg\",\"height\":\"10%\",\"offset\":\"0\",\"opacity\":\"0.75\",\"animated\":\"yes\"}'>Vielen Dank<\/span>, dass Sie Caribbean Tours Ihr Vertrauen geschenkt haben[\/vc_custom_heading][vc_row_inner row_inner_height_percent=&#8221;0&#8243; overlay_alpha=&#8221;50&#8243; equal_height=&#8221;yes&#8221; gutter_size=&#8221;3&#8243; shift_y=&#8221;0&#8243; z_index=&#8221;0&#8243; limit_content=&#8221;&#8221;][vc_column_inner width=&#8221;1\/1&#8243;][vc_column_text]Wir freuen uns sehr, wenn Sie Ihre Erfahrungen als Branchenprofi mit uns teilen. Ihr Feedback hilft uns, unseren Service kontinuierlich zu verbessern \u2013 und zeigt zugleich, wie wir unsere Partner bestm\u00f6glich unterst\u00fctzen.[\/vc_column_text][\/vc_column_inner][\/vc_row_inner][\/vc_column][\/vc_row][vc_row unlock_row_content=&#8221;yes&#8221; row_height_percent=&#8221;0&#8243; override_padding=&#8221;yes&#8221; h_padding=&#8221;2&#8243; top_padding=&#8221;0&#8243; bottom_padding=&#8221;4&#8243; overlay_alpha=&#8221;50&#8243; gutter_size=&#8221;3&#8243; column_width_percent=&#8221;80&#8243; shift_y=&#8221;0&#8243; z_index=&#8221;1&#8243; el_class=&#8221;contact-section share-testimonial-section&#8221;][vc_column column_width_percent=&#8221;75&#8243; gutter_size=&#8221;3&#8243; style=&#8221;light&#8221; overlay_alpha=&#8221;50&#8243; shift_x=&#8221;0&#8243; shift_y=&#8221;0&#8243; shift_y_down=&#8221;0&#8243; z_index=&#8221;0&#8243; medium_width=&#8221;0&#8243; mobile_width=&#8221;0&#8243;][vc_custom_heading text_font=&#8221;font-144238&#8243; text_size=&#8221;fontsize-102324&#8243; text_weight=&#8221;900&#8243; text_color=&#8221;color-154350&#8243; separator=&#8221;yes&#8221; sub_reduced=&#8221;yes&#8221; subheading=&#8221; Zur Zusammenarbeit mit Caribbean Tours&#8221;]Ihre Meinung[\/vc_custom_heading][vc_column_text]<div id=\"app\">\r\r\r  <v-app v-cloak >\r\r\r      <v-container fluid no-gutters  class=\"\">\r\r\r      <validation-observer ref=\"observer\" v-slot=\"{ passes }\">\r\r\r<v-form v-show=\"show_form\"\r\r\r    ref=\"form\"\r\r\r    v-model=\"valid\"\r\r\r    lazy-validation\r\r\r  >\r\r\r    <validation-provider name=\"name\" rules=\"required\" v-slot=\"{ errors }\"><v-text-field v-model=\"name\" solo :error-messages=\"errors\" label=\"Name\" required><\/v-text-field><\/validation-provider><validation-provider name=\"email\" rules=\"email|required\" v-slot=\"{ errors }\"><v-text-field v-model=\"email\" solo :error-messages=\"errors\" label=\"E-mail\" required><\/v-text-field><\/validation-provider><validation-provider name=\"company\" rules=\"required\" v-slot=\"{ errors }\"><v-text-field v-model=\"company\" solo :error-messages=\"errors\" label=\"Unternehmen\" required><\/v-text-field><\/validation-provider><template><v-container fluid><label>In welchem Reiseziel haben Sie unsere Services genutzt?<\/label><v-row><v-col cols=\"12\" md=\"4\" sm=\"6\"><v-checkbox v-model=\"destination\" label=\"Kuba\" value=\"Cuba\" :rules=\"destination_rules\"><\/v-checkbox><\/v-col> <v-col cols=\"12\" md=\"4\" sm=\"6\"><v-checkbox v-model=\"destination\" label=\"Dominikanische Republik\" value=\"Dominican Republic\" :rules=\"destination_rules\"><\/v-checkbox><\/v-col><v-col cols=\"12\" md=\"4\" sm=\"6\"><v-checkbox v-model=\"destination\" label=\"Mexiko\" value=\"Mexico\" :rules=\"destination_rules\"><\/v-checkbox><\/v-col><\/v-row><\/v-container><\/template><template><v-container fluid><label>Welche Dienstleistungen haben Sie \u00fcber uns in Anspruch genommen?<\/label><v-row><v-col cols=\"12\" md=\"6\" sm=\"6\"><v-checkbox v-model=\"services\" label=\"Massgeschneiderte Reiserouten\" value=\"Tailor-made itineraries\" :rules=\"services_rules\"><\/v-checkbox><v-checkbox v-model=\"services\" label=\"Gruppenreisen\" value=\"Group Tours\u200b\" :rules=\"services_rules\"><\/v-checkbox><v-checkbox v-model=\"services\" label=\"Private Touren\" value=\"Private Tours\" :rules=\"services_rules\"><\/v-checkbox><v-checkbox v-model=\"services\" label=\"Ausfl\u00fcge\" value=\"Excursions\" :rules=\"services_rules\"><\/v-checkbox><\/v-col><v-col cols=\"12\" md=\"6\" sm=\"6\"><v-checkbox v-model=\"services\" label=\"Incentive-Reisen (MICE)\" value=\"Incentive Travel (MICE)\" :rules=\"services_rules\"><\/v-checkbox><v-checkbox v-model=\"services\" label=\"Mietwagen-Touren\" value=\"Rental Car Tours\" :rules=\"services_rules\"><\/v-checkbox><v-checkbox v-model=\"services\" label=\"Unterkunft\" value=\"Accommodation\" :rules=\"services_rules\"><\/v-checkbox><v-checkbox v-model=\"services\" label=\"Transfers\" value=\"Transfers\" :rules=\"services_rules\"><\/v-checkbox><\/v-col><\/v-row><\/v-container><\/template><validation-provider name=\"text\" rules=\"required\" v-slot=\"{ errors }\"><label>Wie w\u00fcrden Sie Ihre Erfahrung in der Zusammenarbeit mit unserem Team beschreiben?<\/label><v-textarea v-model=\"text\" solo :error-messages=\"errors\" name=\"text\" filled hint=\"Zum Beispiel: Kommunikationsniveau, Reaktionsgeschwindigkeit, kreative L\u00f6sungen, Servicequalit\u00e4t usw.\" auto-grow><\/v-textarea><\/validation-provider><template><v-container fluid><label>Was w\u00fcrden Sie als unsere gr\u00f6ssten St\u00e4rken als DMC hervorheben?<\/label><v-row><v-col cols=\"12\" md=\"6\" sm=\"6\"><v-checkbox v-model=\"strengths\" label=\"Erfahrung im Reiseziel\" value=\"Experience in the destination\" ><\/v-checkbox><v-checkbox v-model=\"strengths\" label=\"Servicequalit\u00e4t im operativen Bereich\" value=\"Quality of service operational\u200b\" ><\/v-checkbox><v-checkbox v-model=\"strengths\" label=\"Flexibilit\u00e4t und massgeschneiderte L\u00f6sungen\" value=\"Flexibility and customization\" ><\/v-checkbox><\/v-col><v-col cols=\"12\" md=\"6\" sm=\"6\"><v-checkbox v-model=\"strengths\" label=\"Lokale Expertise\" value=\"Local knowledge\" ><\/v-checkbox><v-checkbox v-model=\"strengths\" label=\"Technischer und kommerzieller Support\" value=\"Medium technical and commercial\" ><\/v-checkbox><v-checkbox v-model=\"enabled\" label=\"Andere\" value=\"Other\"><\/v-checkbox><v-text-field v-if=\"enabled\" hide-details v-model=\"other\" ><\/v-text-field><\/v-col><\/v-row><\/v-container><\/template><v-radio-group v-model=\"authorize\" row required><template v-slot:label>D\u00fcrfen wir Ihr Testimonial zusammen mit Ihrem Namen und dem Ihres Unternehmens auf unseren professionellen Kan\u00e4len teilen?<\/template><v-radio label=\"Ja, sie k\u00f6nnen es ohne Einschr\u00e4nkungen verwenden\" value=\"Yes, they can use it freely\" color=\"\"><\/v-radio><v-radio label=\"Ja, aber lediglich mein Name und mein Land d\u00fcrfen verwendet werden\" value=\"Yes, but only my name and country\" color=\"\"><\/v-radio><v-radio label=\"Nein, ich bevorzuge es, anonym zu bleiben\" value=\"No, I prefer it to be anonymous\" color=\"\"><\/v-radio><\/v-radio-group><v-radio-group v-model=\"receive\" row><template v-slot:label>M\u00f6chten Sie vor der Ver\u00f6ffentlichung eine Kopie des bearbeiteten Testimonials erhalten?<\/template><v-radio label=\"Ja\" value=\"Yes, please\" color=\"\"><\/v-radio><v-radio label=\"Es besteht keine Notwendigkeit\" value=\"There is no need\" color=\"\"><\/v-radio><\/v-radio-group><validation-provider name=\"comment\" rules=\"required\" v-slot=\"{ errors }\"><label>M\u00f6chten Sie uns noch einen Kommentar hinterlassen?<\/label><v-textarea v-model=\"comment\" solo :error-messages=\"errors\" name=\"text\" filled label=\"Kommentar hinterlassen...\" ><\/v-text-field><\/validation-provider>\r\r\r    <v-row>\r\r            <v-col class=\"wueform-send-btn-col\"><v-btn depressed class=\"wueform-send-btn\" color=\"primary\" @click=\"submit_form\">Senden<\/v-btn><\/v-col><\/v-row>\r\r\r  <\/v-form>\r\r\r  <\/validation-observer>\r\r\r   <v-card class=\"wueform-card-message\" v-show=\"thanks\">\r\r\r      <v-card-text>   \r\r\r        <v-row dense>\r        \r            <v-col class=\"wueform-message \"> <p>Vielen Dank, wir haben Ihre Anfrage erhalten.<\/p><p>Wir kontaktieren Sie schnellstm\u00f6glich.<\/p><p>Ihr Caribbean Tours Team.<\/p><\/v-col><\/v-row>\r\r      <\/v-card-text>\r\r\r   <\/v-card>\r\r\r   <v-card class=\"wueform-card-message\" v-show=\"thanks_error\">\r\r\r      <v-card-text>\r\r\r        <v-row dense>\r        \r            <v-col class=\"wueform-message \"> <p>Leider konnte Ihre Nachricht nicht versandt werden, bitte versuchen Sie es zu einem sp\u00e4teren Zeitpunkt erneut.<\/p><p>Ihr Caribbean Tours Team.<\/p><\/v-col><\/v-row>\r\r      <\/v-card-text>\r\r\r   <\/v-card>\r\r\r   <v-card class=\"spinner-card\" v-show=\"spinner\">\r\r\r   <v-progress-circular \r\r\r      :size=\"60\"\r\r\r      color=\"#B0C40A\"\r\r\r      indeterminate\r\r\r    ><\/v-progress-circular>\r\r\r    <\/v-card>\r\r\r      <\/v-container>\r\r\r  <\/v-app>\r\r\r<\/div>[\/vc_column_text][\/vc_column][\/vc_row][vc_row unlock_row_content=&#8221;yes&#8221; row_height_percent=&#8221;0&#8243; override_padding=&#8221;yes&#8221; h_padding=&#8221;2&#8243; top_padding=&#8221;4&#8243; bottom_padding=&#8221;4&#8243; back_color=&#8221;color-467313&#8243; overlay_alpha=&#8221;50&#8243; gutter_size=&#8221;3&#8243; column_width_percent=&#8221;100&#8243; shift_y=&#8221;0&#8243; z_index=&#8221;0&#8243; el_class=&#8221;gray-padding-section&#8221;][vc_column width=&#8221;1\/1&#8243;][\/vc_column][\/vc_row]<\/p>\n","protected":false},"excerpt":{"rendered":"<p>[vc_row unlock_row_content=&#8221;yes&#8221; row_height_percent=&#8221;0&#8243; override_padding=&#8221;yes&#8221; h_padding=&#8221;2&#8243; top_padding=&#8221;2&#8243; bottom_padding=&#8221;3&#8243; overlay_alpha=&#8221;50&#8243; gutter_size=&#8221;3&#8243; column_width_percent=&#8221;100&#8243; shift_y=&#8221;0&#8243; z_index=&#8221;0&#8243; medium_visibility=&#8221;yes&#8221; mobile_visibility=&#8221;yes&#8221; el_class=&#8221;headline-section&#8221;][vc_column column_width_percent=&#8221;100&#8243; align_horizontal=&#8221;align_center&#8221; gutter_size=&#8221;3&#8243; overlay_alpha=&#8221;50&#8243; shift_x=&#8221;0&#8243; [&hellip;]<\/p>\n","protected":false},"author":1,"featured_media":0,"parent":0,"menu_order":0,"comment_status":"closed","ping_status":"closed","template":"","meta":{"_monsterinsights_skip_tracking":false,"_monsterinsights_sitenote_active":false,"_monsterinsights_sitenote_note":"","_monsterinsights_sitenote_category":0,"footnotes":""},"class_list":["post-16198","page","type-page","status-publish","hentry"],"yoast_head":"<!-- This site is optimized with the Yoast SEO plugin v25.9 - https:\/\/yoast.com\/wordpress\/plugins\/seo\/ -->\n<title>Ihre Meinung zur Zusammenarbeit mit Caribbean Tours<\/title>\n<meta name=\"description\" content=\"Vielen Dank f\u00fcr Ihr Vertrauen in Caribbean Tours. Wir freuen uns \u00fcber Ihre Erfahrungen mit uns als Branchenexperte. Ihre Erfahrung hilft uns, uns zu verbessern und zeigt, wie wir unsere Partner unterst\u00fctzen.\" \/>\n<meta name=\"robots\" content=\"index, follow, max-snippet:-1, max-image-preview:large, max-video-preview:-1\" \/>\n<link rel=\"canonical\" href=\"https:\/\/www.caribbeantours.ch\/share-your-testimonial\/\" \/>\n<meta property=\"og:locale\" content=\"de_DE\" \/>\n<meta property=\"og:type\" content=\"article\" \/>\n<meta property=\"og:title\" content=\"Ihre Meinung zur Zusammenarbeit mit Caribbean Tours\" \/>\n<meta property=\"og:description\" content=\"Vielen Dank f\u00fcr Ihr Vertrauen in Caribbean Tours. Wir freuen uns \u00fcber Ihre Erfahrungen mit uns als Branchenexperte. Ihre Erfahrung hilft uns, uns zu verbessern und zeigt, wie wir unsere Partner unterst\u00fctzen.\" \/>\n<meta property=\"og:url\" content=\"https:\/\/www.caribbeantours.ch\/share-your-testimonial\/\" \/>\n<meta property=\"og:site_name\" content=\"Caribbean Tours\" \/>\n<meta property=\"article:publisher\" content=\"https:\/\/www.facebook.com\/caribbeantours.dmc\/\" \/>\n<meta property=\"article:modified_time\" content=\"2025-10-30T07:18:33+00:00\" \/>\n<meta name=\"twitter:card\" content=\"summary_large_image\" \/>\n<meta name=\"twitter:label1\" content=\"Est. reading time\" \/>\n\t<meta name=\"twitter:data1\" content=\"2 minutes\" \/>\n<script type=\"application\/ld+json\" class=\"yoast-schema-graph\">{\"@context\":\"https:\/\/schema.org\",\"@graph\":[{\"@type\":\"WebPage\",\"@id\":\"https:\/\/www.caribbeantours.ch\/share-your-testimonial\/\",\"url\":\"https:\/\/www.caribbeantours.ch\/share-your-testimonial\/\",\"name\":\"Ihre Meinung zur Zusammenarbeit mit Caribbean Tours\",\"isPartOf\":{\"@id\":\"https:\/\/www.caribbeantours.ch\/#website\"},\"datePublished\":\"2025-06-19T15:02:54+00:00\",\"dateModified\":\"2025-10-30T07:18:33+00:00\",\"description\":\"Vielen Dank f\u00fcr Ihr Vertrauen in Caribbean Tours. Wir freuen uns \u00fcber Ihre Erfahrungen mit uns als Branchenexperte. Ihre Erfahrung hilft uns, uns zu verbessern und zeigt, wie wir unsere Partner unterst\u00fctzen.\",\"breadcrumb\":{\"@id\":\"https:\/\/www.caribbeantours.ch\/share-your-testimonial\/#breadcrumb\"},\"inLanguage\":\"de-DE\",\"potentialAction\":[{\"@type\":\"ReadAction\",\"target\":[\"https:\/\/www.caribbeantours.ch\/share-your-testimonial\/\"]}]},{\"@type\":\"BreadcrumbList\",\"@id\":\"https:\/\/www.caribbeantours.ch\/share-your-testimonial\/#breadcrumb\",\"itemListElement\":[{\"@type\":\"ListItem\",\"position\":1,\"name\":\"Home\",\"item\":\"https:\/\/www.caribbeantours.ch\/de\/\"},{\"@type\":\"ListItem\",\"position\":2,\"name\":\"Teilen Sie Ihr Zeugnis\"}]},{\"@type\":\"WebSite\",\"@id\":\"https:\/\/www.caribbeantours.ch\/#website\",\"url\":\"https:\/\/www.caribbeantours.ch\/\",\"name\":\"Caribbean Tours\",\"description\":\"Caribbean Tours - Caribbean DMC\",\"publisher\":{\"@id\":\"https:\/\/www.caribbeantours.ch\/#organization\"},\"potentialAction\":[{\"@type\":\"SearchAction\",\"target\":{\"@type\":\"EntryPoint\",\"urlTemplate\":\"https:\/\/www.caribbeantours.ch\/?s={search_term_string}\"},\"query-input\":{\"@type\":\"PropertyValueSpecification\",\"valueRequired\":true,\"valueName\":\"search_term_string\"}}],\"inLanguage\":\"de-DE\"},{\"@type\":\"Organization\",\"@id\":\"https:\/\/www.caribbeantours.ch\/#organization\",\"name\":\"Caribbean Tours \u2013 DMC para Cuba y el Caribe\",\"url\":\"https:\/\/www.caribbeantours.ch\/\",\"logo\":{\"@type\":\"ImageObject\",\"inLanguage\":\"de-DE\",\"@id\":\"https:\/\/www.caribbeantours.ch\/#\/schema\/logo\/image\/\",\"url\":\"https:\/\/www.caribbeantours.ch\/wp-content\/uploads\/2022\/05\/caribbean-tours-logo.jpg\",\"contentUrl\":\"https:\/\/www.caribbeantours.ch\/wp-content\/uploads\/2022\/05\/caribbean-tours-logo.jpg\",\"width\":822,\"height\":582,\"caption\":\"Caribbean Tours \u2013 DMC para Cuba y el Caribe\"},\"image\":{\"@id\":\"https:\/\/www.caribbeantours.ch\/#\/schema\/logo\/image\/\"},\"sameAs\":[\"https:\/\/www.facebook.com\/caribbeantours.dmc\/\",\"https:\/\/www.linkedin.com\/company\/caribbeantoursag\/\",\"https:\/\/www.instagram.com\/caribbeantours.dmc\/\",\"https:\/\/www.youtube.com\/channel\/UCr_cJanATKlgxJM50AQToXw\"]}]}<\/script>\n<!-- \/ Yoast SEO plugin. -->","yoast_head_json":{"title":"Ihre Meinung zur Zusammenarbeit mit Caribbean Tours","description":"Vielen Dank f\u00fcr Ihr Vertrauen in Caribbean Tours. Wir freuen uns \u00fcber Ihre Erfahrungen mit uns als Branchenexperte. Ihre Erfahrung hilft uns, uns zu verbessern und zeigt, wie wir unsere Partner unterst\u00fctzen.","robots":{"index":"index","follow":"follow","max-snippet":"max-snippet:-1","max-image-preview":"max-image-preview:large","max-video-preview":"max-video-preview:-1"},"canonical":"https:\/\/www.caribbeantours.ch\/share-your-testimonial\/","og_locale":"de_DE","og_type":"article","og_title":"Ihre Meinung zur Zusammenarbeit mit Caribbean Tours","og_description":"Vielen Dank f\u00fcr Ihr Vertrauen in Caribbean Tours. Wir freuen uns \u00fcber Ihre Erfahrungen mit uns als Branchenexperte. Ihre Erfahrung hilft uns, uns zu verbessern und zeigt, wie wir unsere Partner unterst\u00fctzen.","og_url":"https:\/\/www.caribbeantours.ch\/share-your-testimonial\/","og_site_name":"Caribbean Tours","article_publisher":"https:\/\/www.facebook.com\/caribbeantours.dmc\/","article_modified_time":"2025-10-30T07:18:33+00:00","twitter_card":"summary_large_image","twitter_misc":{"Est. reading time":"2 minutes"},"schema":{"@context":"https:\/\/schema.org","@graph":[{"@type":"WebPage","@id":"https:\/\/www.caribbeantours.ch\/share-your-testimonial\/","url":"https:\/\/www.caribbeantours.ch\/share-your-testimonial\/","name":"Ihre Meinung zur Zusammenarbeit mit Caribbean Tours","isPartOf":{"@id":"https:\/\/www.caribbeantours.ch\/#website"},"datePublished":"2025-06-19T15:02:54+00:00","dateModified":"2025-10-30T07:18:33+00:00","description":"Vielen Dank f\u00fcr Ihr Vertrauen in Caribbean Tours. Wir freuen uns \u00fcber Ihre Erfahrungen mit uns als Branchenexperte. Ihre Erfahrung hilft uns, uns zu verbessern und zeigt, wie wir unsere Partner unterst\u00fctzen.","breadcrumb":{"@id":"https:\/\/www.caribbeantours.ch\/share-your-testimonial\/#breadcrumb"},"inLanguage":"de-DE","potentialAction":[{"@type":"ReadAction","target":["https:\/\/www.caribbeantours.ch\/share-your-testimonial\/"]}]},{"@type":"BreadcrumbList","@id":"https:\/\/www.caribbeantours.ch\/share-your-testimonial\/#breadcrumb","itemListElement":[{"@type":"ListItem","position":1,"name":"Home","item":"https:\/\/www.caribbeantours.ch\/de\/"},{"@type":"ListItem","position":2,"name":"Teilen Sie Ihr Zeugnis"}]},{"@type":"WebSite","@id":"https:\/\/www.caribbeantours.ch\/#website","url":"https:\/\/www.caribbeantours.ch\/","name":"Caribbean Tours","description":"Caribbean Tours - Caribbean DMC","publisher":{"@id":"https:\/\/www.caribbeantours.ch\/#organization"},"potentialAction":[{"@type":"SearchAction","target":{"@type":"EntryPoint","urlTemplate":"https:\/\/www.caribbeantours.ch\/?s={search_term_string}"},"query-input":{"@type":"PropertyValueSpecification","valueRequired":true,"valueName":"search_term_string"}}],"inLanguage":"de-DE"},{"@type":"Organization","@id":"https:\/\/www.caribbeantours.ch\/#organization","name":"Caribbean Tours \u2013 DMC para Cuba y el Caribe","url":"https:\/\/www.caribbeantours.ch\/","logo":{"@type":"ImageObject","inLanguage":"de-DE","@id":"https:\/\/www.caribbeantours.ch\/#\/schema\/logo\/image\/","url":"https:\/\/www.caribbeantours.ch\/wp-content\/uploads\/2022\/05\/caribbean-tours-logo.jpg","contentUrl":"https:\/\/www.caribbeantours.ch\/wp-content\/uploads\/2022\/05\/caribbean-tours-logo.jpg","width":822,"height":582,"caption":"Caribbean Tours \u2013 DMC para Cuba y el Caribe"},"image":{"@id":"https:\/\/www.caribbeantours.ch\/#\/schema\/logo\/image\/"},"sameAs":["https:\/\/www.facebook.com\/caribbeantours.dmc\/","https:\/\/www.linkedin.com\/company\/caribbeantoursag\/","https:\/\/www.instagram.com\/caribbeantours.dmc\/","https:\/\/www.youtube.com\/channel\/UCr_cJanATKlgxJM50AQToXw"]}]}},"_links":{"self":[{"href":"https:\/\/www.caribbeantours.ch\/de\/wp-json\/wp\/v2\/pages\/16198","targetHints":{"allow":["GET"]}}],"collection":[{"href":"https:\/\/www.caribbeantours.ch\/de\/wp-json\/wp\/v2\/pages"}],"about":[{"href":"https:\/\/www.caribbeantours.ch\/de\/wp-json\/wp\/v2\/types\/page"}],"author":[{"embeddable":true,"href":"https:\/\/www.caribbeantours.ch\/de\/wp-json\/wp\/v2\/users\/1"}],"replies":[{"embeddable":true,"href":"https:\/\/www.caribbeantours.ch\/de\/wp-json\/wp\/v2\/comments?post=16198"}],"version-history":[{"count":29,"href":"https:\/\/www.caribbeantours.ch\/de\/wp-json\/wp\/v2\/pages\/16198\/revisions"}],"predecessor-version":[{"id":17226,"href":"https:\/\/www.caribbeantours.ch\/de\/wp-json\/wp\/v2\/pages\/16198\/revisions\/17226"}],"wp:attachment":[{"href":"https:\/\/www.caribbeantours.ch\/de\/wp-json\/wp\/v2\/media?parent=16198"}],"curies":[{"name":"wp","href":"https:\/\/api.w.org\/{rel}","templated":true}]}}